{"id":686,"date":"2018-10-15T09:29:29","date_gmt":"2018-10-15T09:29:29","guid":{"rendered":"http:\/\/genesisexpo.webgeniuslab.net\/?page_id=686"},"modified":"2024-05-07T10:26:40","modified_gmt":"2024-05-07T07:26:40","slug":"faq","status":"publish","type":"page","link":"https:\/\/sustainnsy.com\/tr\/faq\/","title":{"rendered":"S.S.S."},"content":{"rendered":"<div class=\"wpb-content-wrapper\"><div data-vc-full-width=\"true\" data-vc-full-width-init=\"false\" class=\"vc_row wpb_row vc_row-fluid vc_custom_1714480763463 vc_row-has-fill\"><div class=\"wpb_column vc_column_container vc_col-sm-12\"><div class=\"vc_column-inner\"><div class=\"wpb_wrapper\"><div  class =\"genesisexpo_module_spacing\"><div class=\"spacing_size spacing_size-initial\" style=\"height:51px;\"><\/div><\/div>  \n<div id=\"genesisexpo_dbl_69e40c728cba4\" class=\"genesisexpo_module_double_headings acenter\"><div class=\"heading_bgtitle\" style=\"font-size:120px; line-height:0.25; font-weight:800; color:#ffffff; \">FAQ<\/div><div class=\"heading_title\" style=\"font-size:48px; line-height:1.083; font-weight:800; color:#093c8e; \">S.S.S.<\/div><\/div>  \n<div  class =\"genesisexpo_module_spacing\"><div class=\"spacing_size spacing_size-initial\" style=\"height:30px;\"><\/div><\/div>  \n<div class=\"vc_tta-container\" data-vc-action=\"collapse\"><div class=\"vc_general vc_tta vc_tta-accordion vc_tta-style-classic vc_tta-o-shape-group vc_tta-controls-align-default\"><div class=\"vc_tta-panels-container\"><div class=\"vc_tta-panels\"><div class=\"vc_tta-panel vc_active\" id=\"1539601638580-b8fc8c1c-985c\" data-vc-content=\".vc_tta-panel-body\"><div class=\"vc_tta-panel-heading\"><h4 class=\"vc_tta-panel-title vc_tta-controls-icon-position-right\"><a href=\"#1539601638580-b8fc8c1c-985c\" data-vc-accordion data-vc-container=\".vc_tta-container\"><span class=\"vc_tta-title-text\">Konferans\u0131n sponsorlar\u0131 kimdir?<\/span><i class=\"vc_tta-controls-icon vc_tta-controls-icon-plus\"><\/i><\/a><\/h4><\/div><div class=\"vc_tta-panel-body\">\n\t<div class=\"wpb_text_column wpb_content_element\" >\n\t\t<div class=\"wpb_wrapper\">\n\t\t\t<p>Ataa \u0130nsani Yard\u0131m Derne\u011fi \u00a0<span><a href=\"https:\/\/ataarelief.org\/about-us\/\">ATAA <\/a><\/span><\/p>\n<p>Harmoon \u00c7a\u011fda\u015f Ara\u015ft\u0131rmalar Merkezi<a href=\"https:\/\/www.harmoon.org\/%d9%85%d9%86-%d9%86%d8%ad%d9%86\/\">Haramoon center<\/a><\/p>\n<p>S\u0131n\u0131rs\u0131z Merhamet Derne\u011fi <span><a href=\"https:\/\/mwlimits.org\/about-us\/\">Mercy Without limits<\/a><\/span><\/p>\n<p>Suriye Amerikan T\u0131p Derne\u011fi \u2013 SAMS <a href=\"https:\/\/www.sams-usa.net\/who-we-are\/\">sams<\/a><\/p>\n<p>Suriye Sivil Savunmas\u0131 (Beyaz Baretliler) <a href=\"https:\/\/www.syriacivildefence.org\/ar\/who-we-are\/\">Syria Civil Defence<\/a><\/p>\n<p>Suriye Forumu <a href=\"https:\/\/syrianforum.org\/%D9%85%D9%86-%D9%86%D8%AD%D9%86%D8%9F.html\">Syrian forum<\/a><\/p>\n<p>Beyaz Eller Derne\u011fi \u00a0<span><a href=\"https:\/\/www.beyazeller.org\/%d9%85%d9%86-%d9%86%d8%ad%d9%86\/%d8%a7%d9%84%d8%b1%d8%a4%d9%8a%d8%a9\/\">White hands<\/a><\/span><\/p>\n\n\t\t<\/div>\n\t<\/div>\n<\/div><\/div><div class=\"vc_tta-panel\" id=\"1539601638654-eed65c39-3026\" data-vc-content=\".vc_tta-panel-body\"><div class=\"vc_tta-panel-heading\"><h4 class=\"vc_tta-panel-title vc_tta-controls-icon-position-right\"><a href=\"#1539601638654-eed65c39-3026\" data-vc-accordion data-vc-container=\".vc_tta-container\"><span class=\"vc_tta-title-text\">Konferans\u0131n amac\u0131 nedir?<\/span><i class=\"vc_tta-controls-icon vc_tta-controls-icon-plus\"><\/i><\/a><\/h4><\/div><div class=\"vc_tta-panel-body\">\n\t<div class=\"wpb_text_column wpb_content_element\" >\n\t\t<div class=\"wpb_wrapper\">\n\t\t\t<p>Konferans\u0131n Ama\u00e7lar\u0131<\/p>\n<p>\u2022\tSuriye'nin kuzeyindeki insani m\u00fcdahalede yeni modellerin \u00fczerinde durulmas\u0131.<\/p>\n<p>\u2022 Suriye'nin kuzeyindeki halk\u0131n sosyal ve ekonomik olarak g\u00fc\u00e7lendirilmesi ve istikrara do\u011fru d\u00f6n\u00fc\u015f\u00fcm i\u00e7in, s\u00fcrd\u00fcr\u00fclebilirli\u011fi te\u015fvik eden, toplumu g\u00fc\u00e7lendiren fikirler, projeler ve giri\u015fimlerin sunulmas\u0131yla f\u0131rsatlar\u0131n ara\u015ft\u0131r\u0131lmas\u0131.<\/p>\n<p>\u2022 Gelecek d\u00f6neme y\u00f6nelik ortak bir vizyon olu\u015fturulmas\u0131 ve Suriye'ye sosyal ve ekonomik iyile\u015ftirmeler sa\u011flamak i\u00e7in \u00e7\u00f6z\u00fcmlerin tart\u0131\u015f\u0131lmas\u0131.<\/p>\n\n\t\t<\/div>\n\t<\/div>\n<\/div><\/div><div class=\"vc_tta-panel\" id=\"1539601749522-a0e42578-9ad8\" data-vc-content=\".vc_tta-panel-body\"><div class=\"vc_tta-panel-heading\"><h4 class=\"vc_tta-panel-title vc_tta-controls-icon-position-right\"><a href=\"#1539601749522-a0e42578-9ad8\" data-vc-accordion data-vc-container=\".vc_tta-container\"><span class=\"vc_tta-title-text\">Konferans hangi etkinlikleri i\u00e7eriyor?<\/span><i class=\"vc_tta-controls-icon vc_tta-controls-icon-plus\"><\/i><\/a><\/h4><\/div><div class=\"vc_tta-panel-body\">\n\t<div class=\"wpb_text_column wpb_content_element\" >\n\t\t<div class=\"wpb_wrapper\">\n\t\t\t<p>\u0130ki g\u00fcn s\u00fcren konferansta \u015funlar i\u00e7eriyor:<\/p>\n<p>\u2022 Ana a\u00e7\u0131l\u0131\u015f etkinli\u011fi: T\u00fcrkiye ve Arap kamuoyundan ve Birle\u015fmi\u015f Milletler'den kat\u0131l\u0131mc\u0131lar\u0131n konu\u015fmalar\u0131<\/p>\n<p>\u2022 Ekonomik G\u00fc\u00e7lendirme \u00d6nc\u00fcleri Fuar\u0131.<\/p>\n<p>\u2022 Ekonomik ve Sosyal G\u00fc\u00e7lendirme hakk\u0131nda seminerler ve at\u00f6lye \u00e7al\u0131\u015fmalar\u0131.<\/p>\n<p>\u2022 Kapan\u0131\u015f etkinli\u011fi: Tavsiyelerin sunulmas\u0131 ve ekonomik ve sosyal g\u00fc\u00e7lendirme projelerinin duyurulmas\u0131.<\/p>\n\n\t\t<\/div>\n\t<\/div>\n<\/div><\/div><div class=\"vc_tta-panel\" id=\"1539601791541-110a3389-2d29\" data-vc-content=\".vc_tta-panel-body\"><div class=\"vc_tta-panel-heading\"><h4 class=\"vc_tta-panel-title vc_tta-controls-icon-position-right\"><a href=\"#1539601791541-110a3389-2d29\" data-vc-accordion data-vc-container=\".vc_tta-container\"><span class=\"vc_tta-title-text\">Konferansa kimler kat\u0131l\u0131yor?<\/span><i class=\"vc_tta-controls-icon vc_tta-controls-icon-plus\"><\/i><\/a><\/h4><\/div><div class=\"vc_tta-panel-body\">\n\t<div class=\"wpb_text_column wpb_content_element\" >\n\t\t<div class=\"wpb_wrapper\">\n\t\t\t<p>\u2022 Uluslararas\u0131 kurulu\u015flar.<\/p>\n<p>\u2022 T\u00fcrk h\u00fck\u00fcmeti<\/p>\n<p>\u2022 T\u00fcrk h\u00fck\u00fcmeti<\/p>\n<p>\u2022 Suriyeli sivil toplum kurulu\u015flar\u0131.<\/p>\n<p>\u2022 Ekonomik ve sosyal g\u00fc\u00e7lendirme ile ilgilenen kurumlar.<\/p>\n<p>\u2022 Kamuoyu ve medya fig\u00fcrleri.<\/p>\n<p>\u0130\u015f insanlar\u0131 ve yat\u0131r\u0131mc\u0131lar.<\/p>\n\n\t\t<\/div>\n\t<\/div>\n<\/div><\/div><div class=\"vc_tta-panel\" id=\"1714480493306-60709c59-70fc\" data-vc-content=\".vc_tta-panel-body\"><div class=\"vc_tta-panel-heading\"><h4 class=\"vc_tta-panel-title vc_tta-controls-icon-position-right\"><a href=\"#1714480493306-60709c59-70fc\" data-vc-accordion data-vc-container=\".vc_tta-container\"><span class=\"vc_tta-title-text\">Konferans\u0131n davetlileri kimlerdir?<\/span><i class=\"vc_tta-controls-icon vc_tta-controls-icon-plus\"><\/i><\/a><\/h4><\/div><div class=\"vc_tta-panel-body\">\n\t<div class=\"wpb_text_column wpb_content_element\" >\n\t\t<div class=\"wpb_wrapper\">\n\t\t\t<p>Suriye\u2019de \u00e7al\u0131\u015fmalar y\u00fcr\u00fcten STK temsilcileri, uluslararas\u0131 kurulu\u015flar, yat\u0131r\u0131m \u015firketleri, ara\u015ft\u0131rmac\u0131lar, b\u00fcrokratlar, h\u00fck\u00fcmet yetkilileri ve yerel temsilciler kat\u0131l\u0131mc\u0131 olacaklar.<\/p>\n\n\t\t<\/div>\n\t<\/div>\n<\/div><\/div><div class=\"vc_tta-panel\" id=\"1714479952423-e2a5b4c0-86a8\" data-vc-content=\".vc_tta-panel-body\"><div class=\"vc_tta-panel-heading\"><h4 class=\"vc_tta-panel-title vc_tta-controls-icon-position-right\"><a href=\"#1714479952423-e2a5b4c0-86a8\" data-vc-accordion data-vc-container=\".vc_tta-container\"><span class=\"vc_tta-title-text\">Konferans d\u00fczenli bir etkinlik mi olacak?<\/span><i class=\"vc_tta-controls-icon vc_tta-controls-icon-plus\"><\/i><\/a><\/h4><\/div><div class=\"vc_tta-panel-body\">\n\t<div class=\"wpb_text_column wpb_content_element\" >\n\t\t<div class=\"wpb_wrapper\">\n\t\t\t<div id=\"1714479924865-3e58fe5d-365f\" class=\"vc_tta-panel vc_active\" data-vc-content=\".vc_tta-panel-body\">\n<div class=\"vc_tta-panel-body\">\n<div class=\"wpb_text_column wpb_content_element\">\n<div class=\"wpb_wrapper\">\n<div id=\"1714479900790-c7ba85c4-7eee\" class=\"vc_tta-panel vc_active\" data-vc-content=\".vc_tta-panel-body\">\n<div class=\"vc_tta-panel-body\">\n<div class=\"wpb_text_column wpb_content_element\">\n<div class=\"wpb_wrapper\">\n<p dir=\"RTL\"><span lang=\"AR-SA\">\u0646\u0639\u0645 \u0633\u064a\u0643\u0648\u0646 \u0627\u0644\u0645\u0624\u062a\u0645\u0631 \u062f\u0648\u0631\u064a\u0627\u064b \u0648\u0647\u0648 \u0645\u0641\u062a\u0648\u062d \u0644\u0643\u0644 \u0627\u0644\u0645\u0624\u0633\u0633\u0627\u062a \u0627\u0644\u062a\u064a \u062a\u0631\u063a\u0628 \u0628\u0627\u0644\u0645\u0634\u0627\u0631\u0643\u0629 \u0628\u0646\u0633\u062e\u062a\u0647 \u0627\u0644\u062b\u0627\u0646\u064a\u0629<\/span><span dir=\"LTR\"><\/span><span dir=\"LTR\"><\/span><span lang=\"AR-SA\" dir=\"LTR\"><span dir=\"LTR\"><\/span><span dir=\"LTR\"><\/span><span>\u00a0<\/span><\/span><span lang=\"AR-SA\">Evet, konferans d\u00fczenli olarak ger\u00e7ekle\u015fecek ve gelecek y\u0131llarda da ilgili kurulu\u015flar\u0131n kat\u0131l\u0131m\u0131yla ikinci versiyonu ger\u00e7ekle\u015ftirilecektir.<\/span><\/p>\n<\/div>\n<\/div>\n<\/div>\n<\/div>\n<\/div>\n<\/div>\n<\/div>\n<\/div>\n<div id=\"1714479952423-e2a5b4c0-86a8\" class=\"vc_tta-panel\" data-vc-content=\".vc_tta-panel-body\">\n<div class=\"vc_tta-panel-heading\">\n<h4 class=\"vc_tta-panel-title vc_tta-controls-icon-position-right\"><\/h4>\n<\/div>\n<\/div>\n\n\t\t<\/div>\n\t<\/div>\n<\/div><\/div><div class=\"vc_tta-panel\" id=\"1714480436049-97b9f9dd-fb8b\" data-vc-content=\".vc_tta-panel-body\"><div class=\"vc_tta-panel-heading\"><h4 class=\"vc_tta-panel-title vc_tta-controls-icon-position-right\"><a href=\"#1714480436049-97b9f9dd-fb8b\" data-vc-accordion data-vc-container=\".vc_tta-container\"><span class=\"vc_tta-title-text\">Konferans\u2019ta sunulan \u00f6nerilere ili\u015fkin bir plan bulunuyor mu?<\/span><i class=\"vc_tta-controls-icon vc_tta-controls-icon-plus\"><\/i><\/a><\/h4><\/div><div class=\"vc_tta-panel-body\">\n\t<div class=\"wpb_text_column wpb_content_element\" >\n\t\t<div class=\"wpb_wrapper\">\n\t\t\t<div id=\"1714479924865-3e58fe5d-365f\" class=\"vc_tta-panel vc_active\" data-vc-content=\".vc_tta-panel-body\">\n<div class=\"vc_tta-panel-body\">\n<div class=\"wpb_text_column wpb_content_element\">\n<div class=\"wpb_wrapper\">\n<p dir=\"RTL\"><span lang=\"AR-SA\">Evet, konferansta sunulmu\u015f tavsiyeleri derlemek, gelecek konferans i\u00e7in haz\u0131rl\u0131klar yapmak i\u00e7in bir komite kurulacakt\u0131r. Ayr\u0131ca duyurulan projelerin ve verilen taahh\u00fctlerin takip edilip halka ve ilgililere bunlar\u0131 tan\u0131tmak da bu komitenin g\u00f6revleri aras\u0131ndad\u0131r.<\/span><\/p>\n<\/div>\n<\/div>\n<\/div>\n<\/div>\n<div id=\"1714479952423-e2a5b4c0-86a8\" class=\"vc_tta-panel\" data-vc-content=\".vc_tta-panel-body\">\n<div class=\"vc_tta-panel-heading\">\n<h4 class=\"vc_tta-panel-title vc_tta-controls-icon-position-right\"><\/h4>\n<\/div>\n<\/div>\n\n\t\t<\/div>\n\t<\/div>\n<\/div><\/div><div class=\"vc_tta-panel\" id=\"1714480382998-6584da42-b9d5\" data-vc-content=\".vc_tta-panel-body\"><div class=\"vc_tta-panel-heading\"><h4 class=\"vc_tta-panel-title vc_tta-controls-icon-position-right\"><a href=\"#1714480382998-6584da42-b9d5\" data-vc-accordion data-vc-container=\".vc_tta-container\"><span class=\"vc_tta-title-text\">Konferans neyi ba\u015farabilir?<\/span><i class=\"vc_tta-controls-icon vc_tta-controls-icon-plus\"><\/i><\/a><\/h4><\/div><div class=\"vc_tta-panel-body\">\n\t<div class=\"wpb_text_column wpb_content_element\" >\n\t\t<div class=\"wpb_wrapper\">\n\t\t\t<p>Suriye\u2019deki ekonomik ve sosyal sorunlar\u0131 \u00e7\u00f6zmeye y\u00f6nelik uzun vadeli vizyon belgelerinin olu\u015fturulmas\u0131<\/p>\n\n\t\t<\/div>\n\t<\/div>\n<\/div><\/div><div class=\"vc_tta-panel\" id=\"1714479980268-16ffa1c0-8515\" data-vc-content=\".vc_tta-panel-body\"><div class=\"vc_tta-panel-heading\"><h4 class=\"vc_tta-panel-title vc_tta-controls-icon-position-right\"><a href=\"#1714479980268-16ffa1c0-8515\" data-vc-accordion data-vc-container=\".vc_tta-container\"><span class=\"vc_tta-title-text\">Suriye'nin kuzeyindeki insanlar\u0131n sosyal ve ekonomik olarak g\u00fc\u00e7lendirilme f\u0131rsatlar\u0131 nelerdir ve istikrara d\u00f6n\u00fc\u015f nas\u0131l sa\u011flanabilir?<\/span><i class=\"vc_tta-controls-icon vc_tta-controls-icon-plus\"><\/i><\/a><\/h4><\/div><div class=\"vc_tta-panel-body\">\n\t<div class=\"wpb_text_column wpb_content_element\" >\n\t\t<div class=\"wpb_wrapper\">\n\t\t\t<p>Suriye\u2019nin kuzeybat\u0131 b\u00f6lgesi yakla\u015f\u0131k 4 milyon ki\u015filik gen\u00e7 n\u00fcfusuyla (18 ila 38 ya\u015f aras\u0131), b\u00fcy\u00fcme potansiyeli bar\u0131nd\u0131rmaktad\u0131r. Bu gen\u00e7 n\u00fcfusun istihdam\u0131 ve giri\u015fimciliklerini kullanabilmesi b\u00f6lge halk\u0131n\u0131n ge\u00e7im yard\u0131m\u0131na ba\u011f\u0131ml\u0131l\u0131klar\u0131n\u0131 sonland\u0131rarak insan onuruna yak\u0131\u015f\u0131r bir ya\u015fama ge\u00e7melerini sa\u011flayabilecektir. <strong>4<\/strong> Suriye\u2019nin kuzeybat\u0131 b\u00f6lgesi yakla\u015f\u0131k 4 milyon ki\u015filik gen\u00e7 n\u00fcfusuyla (18 ila 38 ya\u015f aras\u0131), b\u00fcy\u00fcme potansiyeli bar\u0131nd\u0131rmaktad\u0131r. Bu gen\u00e7 n\u00fcfusun istihdam\u0131 ve giri\u015fimciliklerini kullanabilmesi b\u00f6lge halk\u0131n\u0131n ge\u00e7im yard\u0131m\u0131na ba\u011f\u0131ml\u0131l\u0131klar\u0131n\u0131 sonland\u0131rarak insan onuruna yak\u0131\u015f\u0131r bir ya\u015fama ge\u00e7melerini sa\u011flayabilecektir. Bu istihdam ve giri\u015fimcilik f\u0131rsatlar\u0131n\u0131n yarat\u0131lmas\u0131 \u00e7e\u015fitli \u015fekillerde tar\u0131m, sanayi ve hizmet alanlar\u0131nda i\u015fbirli\u011fi, dayan\u0131\u015fma ve yenilik\u00e7i ortakl\u0131klar arac\u0131l\u0131\u011f\u0131yla ger\u00e7ekle\u015ftirilebilir. Bu, b\u00f6lgenin kendi ayaklar\u0131 \u00fczerinde duran, s\u00fcrd\u00fcr\u00fclebilir bir kalk\u0131nmaya sahip bir g\u00fc\u00e7 haline d\u00f6n\u00fc\u015fmesine yard\u0131mc\u0131 olabilir.<\/p>\n\n\t\t<\/div>\n\t<\/div>\n<\/div><\/div><\/div><\/div><\/div><\/div><div  class =\"genesisexpo_module_spacing\"><div class=\"spacing_size spacing_size-initial\" style=\"height:88px;\"><\/div><\/div>  \n<\/div><\/div><\/div><\/div><div class=\"vc_row-full-width vc_clearfix\"><\/div>\n<\/div>","protected":false},"excerpt":{"rendered":"FAQ\u0627\u0644\u0623\u0633\u0626\u0644\u0629 \u0627\u0644\u0634\u0627\u0626\u0639\u0629 \u0645\u0646 \u0647\u064a \u0627\u0644\u062c\u0647\u0627\u062a \u0627\u0644\u0631\u0627\u0639\u064a\u0629 \u0644\u0644\u0645\u0624\u062a\u0645\u0631 \u061f \u062c\u0645\u0639\u064a\u0629 \u0639\u0637\u0627\u0621 \u0644\u0644\u0625\u063a\u0627\u062b\u0629 \u0627\u0644\u0625\u0646\u0633\u0627\u0646\u064a\u0629 \u00a0ATAA \u0645\u0631\u0643\u0632 \u062d\u0631\u0645\u0648\u0646 \u0644\u0644\u062f\u0631\u0627\u0633\u0627\u062a \u0627\u0644\u0645\u0639\u0627\u0635\u0631\u0629Haramoon center \u0645\u0646\u0638\u0645\u0629 \u0631\u062d\u0645\u0629 \u0628\u0644\u0627 \u062d\u062f\u0648\u062f Mercy Without limits \u0627\u0644\u062c\u0645\u0639\u064a\u0629 \u0627\u0644\u0637\u0628\u064a\u0629 \u0627\u0644\u0633\u0648\u0631\u064a\u0629 \u0627\u0644\u0623\u0645\u0631\u064a\u0643\u064a\u0629 \u0633\u0627\u0645\u0632 sams \u0627\u0644\u062f\u0641\u0627\u0639 \u0627\u0644\u0645\u062f\u0646\u064a \u0627\u0644\u0633\u0648\u0631\u064a (\u0627\u0644\u062e\u0648\u0630 \u0627\u0644\u0628\u064a\u0636\u0627\u0621) Syria Civil Defence \u0627\u0644\u0645\u0646\u062a\u062f\u0649 \u0627\u0644\u0633\u0648\u0631\u064a Syrian forum \u062c\u0645\u0639\u064a\u0629 \u0627\u0644\u0623\u064a\u0627\u062f\u064a \u0627\u0644\u0628\u064a\u0636\u0627\u0621 \u00a0White hands 2\u0640 \u0645\u0627 \u0647\u0648 \u0647\u062f\u0641 \u0627\u0644\u0645\u0624\u062a\u0645\u0631\u061f \u064a\u0633\u0639\u0649 \u0627\u0644\u0645\u0624\u062a\u0645\u0631 [...]","protected":false},"author":1,"featured_media":0,"parent":0,"menu_order":0,"comment_status":"closed","ping_status":"closed","template":"","meta":{"om_disable_all_campaigns":false,"_monsterinsights_skip_tracking":false,"_monsterinsights_sitenote_active":false,"_monsterinsights_sitenote_note":"","_monsterinsights_sitenote_category":0,"_uf_show_specific_survey":0,"_uf_disable_surveys":false,"footnotes":""},"class_list":["post-686","page","type-page","status-publish","hentry"],"aioseo_notices":[],"_links":{"self":[{"href":"https:\/\/sustainnsy.com\/tr\/wp-json\/wp\/v2\/pages\/686","targetHints":{"allow":["GET"]}}],"collection":[{"href":"https:\/\/sustainnsy.com\/tr\/wp-json\/wp\/v2\/pages"}],"about":[{"href":"https:\/\/sustainnsy.com\/tr\/wp-json\/wp\/v2\/types\/page"}],"author":[{"embeddable":true,"href":"https:\/\/sustainnsy.com\/tr\/wp-json\/wp\/v2\/users\/1"}],"replies":[{"embeddable":true,"href":"https:\/\/sustainnsy.com\/tr\/wp-json\/wp\/v2\/comments?post=686"}],"version-history":[{"count":20,"href":"https:\/\/sustainnsy.com\/tr\/wp-json\/wp\/v2\/pages\/686\/revisions"}],"predecessor-version":[{"id":2517,"href":"https:\/\/sustainnsy.com\/tr\/wp-json\/wp\/v2\/pages\/686\/revisions\/2517"}],"wp:attachment":[{"href":"https:\/\/sustainnsy.com\/tr\/wp-json\/wp\/v2\/media?parent=686"}],"curies":[{"name":"wp","href":"https:\/\/api.w.org\/{rel}","templated":true}]}}