{"id":383,"date":"2018-10-12T08:07:09","date_gmt":"2018-10-12T08:07:09","guid":{"rendered":"http:\/\/genesisexpo.webgeniuslab.net\/?page_id=383"},"modified":"2024-05-20T15:04:30","modified_gmt":"2024-05-20T12:04:30","slug":"sponsors","status":"publish","type":"page","link":"https:\/\/sustainnsy.com\/tr\/sponsors\/","title":{"rendered":"Destek Veren Taraflar"},"content":{"rendered":"<div class=\"wpb-content-wrapper\"><div class=\"vc_row wpb_row vc_row-fluid vc_custom_1713531580564 vc_row-has-fill\"><div class=\"wpb_column vc_column_container vc_col-sm-3\"><div class=\"vc_column-inner\"><div class=\"wpb_wrapper\"><div class=\"genesisexpo_module_flipbox type_flip_right\"><div class=\"flipbox_wrapper\" ><div class=\"flipbox_front\" style=\"background-image: url(https:\/\/sustainnsy.com\/wp-content\/uploads\/2024\/03\/Ataa-new-color.png);\"><\/div><div class=\"flipbox_back\" style=\"background-image: url(https:\/\/sustainnsy.com\/wp-content\/uploads\/2024\/04\/M1.png);\"><div class=\"flipbox_back_content\"><div class=\"flipbox_logo\"><img decoding=\"async\" src=\"\" alt=\"\"><\/div><div class=\"flipbox_content\" style=\"color:#ffffff;\">Ataa \u0130nsani Yard\u0131m Derne\u011fi<\/div><div id=\"genesisexpo_button_69e139f559b6d\" class=\"genesisexpo_module_button wgl_button wgl_button-xl wgl_button-icon_left acenter\">\n\t<a href=\"https:\/\/ataarelief.org\/about-us\/\" style=\"border-radius:50px; border-width:1px; \" >Read More<\/a>\n<\/div>\n    \n<\/div><\/div><\/div><\/div><div  class =\"genesisexpo_module_spacing\"><div class=\"spacing_size spacing_size-initial\" style=\"height:35px;\"><\/div><\/div>  \n<\/div><\/div><\/div><div class=\"wpb_column vc_column_container vc_col-sm-3\"><div class=\"vc_column-inner\"><div class=\"wpb_wrapper\"><div class=\"genesisexpo_module_flipbox type_flip_right\"><div class=\"flipbox_wrapper\" ><div class=\"flipbox_front\" style=\"background-image: url(https:\/\/sustainnsy.com\/wp-content\/uploads\/2024\/04\/SAMS-removebg-preview.png);\"><\/div><div class=\"flipbox_back\" style=\"background-image: url(https:\/\/sustainnsy.com\/wp-content\/uploads\/2024\/04\/M1.png);\"><div class=\"flipbox_back_content\"><div class=\"flipbox_logo\"><img decoding=\"async\" src=\"\" alt=\"\"><\/div><div class=\"flipbox_content\" style=\"color:#ffffff;\">Suriye Amerikan T\u0131p Derne\u011fi<\/div><div id=\"genesisexpo_button_69e139f55a287\" class=\"genesisexpo_module_button wgl_button wgl_button-xl wgl_button-icon_left acenter\">\n\t<a href=\"https:\/\/www.sams-usa.net\/who-we-are\/\" style=\"border-radius:50px; border-width:1px; \" >Read More<\/a>\n<\/div>\n    \n<\/div><\/div><\/div><\/div><div  class =\"genesisexpo_module_spacing\"><div class=\"spacing_size spacing_size-initial\" style=\"height:35px;\"><\/div><\/div>  \n<\/div><\/div><\/div><div class=\"wpb_column vc_column_container vc_col-sm-3\"><div class=\"vc_column-inner\"><div class=\"wpb_wrapper\"><div class=\"genesisexpo_module_flipbox type_flip_right\"><div class=\"flipbox_wrapper\" ><div class=\"flipbox_front\" style=\"background-image: url(https:\/\/sustainnsy.com\/wp-content\/uploads\/2024\/04\/TWH-removebg-preview.png);\"><\/div><div class=\"flipbox_back\" style=\"background-image: url(https:\/\/sustainnsy.com\/wp-content\/uploads\/2024\/04\/M1.png);\"><div class=\"flipbox_back_content\"><div class=\"flipbox_logo\"><img decoding=\"async\" src=\"\" alt=\"\"><\/div><div class=\"flipbox_content\" style=\"color:#ffffff;\">Suriye Sivil Savunmas\u0131 (Beyaz Baretliler)<\/div><div id=\"genesisexpo_button_69e139f55a8be\" class=\"genesisexpo_module_button wgl_button wgl_button-xl wgl_button-icon_left acenter\">\n\t<a href=\"https:\/\/www.syriacivildefence.org\/ar\/who-we-are\/volunteers\/\" style=\"border-radius:50px; border-width:1px; \" >Read More<\/a>\n<\/div>\n    \n<\/div><\/div><\/div><\/div><div  class =\"genesisexpo_module_spacing\"><div class=\"spacing_size spacing_size-initial\" style=\"height:35px;\"><\/div><\/div>  \n<\/div><\/div><\/div><div class=\"wpb_column vc_column_container vc_col-sm-3\"><div class=\"vc_column-inner\"><div class=\"wpb_wrapper\"><div class=\"genesisexpo_module_flipbox type_flip_right\"><div class=\"flipbox_wrapper\" ><div class=\"flipbox_front\" style=\"background-image: url(https:\/\/sustainnsy.com\/wp-content\/uploads\/2024\/04\/BE-removebg-preview.png);\"><\/div><div class=\"flipbox_back\" style=\"background-image: url(https:\/\/sustainnsy.com\/wp-content\/uploads\/2024\/04\/M1.png);\"><div class=\"flipbox_back_content\"><div class=\"flipbox_logo\"><img decoding=\"async\" src=\"\" alt=\"\"><\/div><div class=\"flipbox_content\" style=\"color:#ffffff;\">Beyaz Eller Derne\u011fi<\/div><div id=\"genesisexpo_button_69e139f55af46\" class=\"genesisexpo_module_button wgl_button wgl_button-xl wgl_button-icon_left acenter\">\n\t<a href=\"https:\/\/www.beyazeller.org\/%d9%85%d9%86-%d9%86%d8%ad%d9%86\/%d8%a7%d9%84%d8%b1%d8%a4%d9%8a%d8%a9\/\" style=\"border-radius:50px; border-width:1px; \" >Read More<\/a>\n<\/div>\n    \n<\/div><\/div><\/div><\/div><div  class =\"genesisexpo_module_spacing\"><div class=\"spacing_size spacing_size-initial\" style=\"height:35px;\"><\/div><\/div>  \n<\/div><\/div><\/div><\/div><div class=\"vc_row wpb_row vc_row-fluid vc_custom_1713531589002 vc_row-has-fill\"><div class=\"wpb_column vc_column_container vc_col-sm-4\"><div class=\"vc_column-inner\"><div class=\"wpb_wrapper\"><div class=\"genesisexpo_module_flipbox type_flip_right\"><div class=\"flipbox_wrapper\" ><div class=\"flipbox_front\" style=\"background-image: url(https:\/\/sustainnsy.com\/wp-content\/uploads\/2024\/04\/HARMOON20LOGO-02.png);\"><\/div><div class=\"flipbox_back\" style=\"background-image: url(https:\/\/sustainnsy.com\/wp-content\/uploads\/2024\/04\/M1.png);\"><div class=\"flipbox_back_content\"><div class=\"flipbox_logo\"><img decoding=\"async\" src=\"\" alt=\"\"><\/div><div class=\"flipbox_content\" style=\"color:#ffffff;\">Harmoon \u00c7a\u011fda\u015f Ara\u015ft\u0131rmalar Merkezi<\/div><div id=\"genesisexpo_button_69e139f55b7b5\" class=\"genesisexpo_module_button wgl_button wgl_button-xl wgl_button-icon_left acenter\">\n\t<a href=\"https:\/\/www.harmoon.org\/%d9%85%d9%86-%d9%86%d8%ad%d9%86\/\" style=\"border-radius:50px; border-width:1px; \" >Read More<\/a>\n<\/div>\n    \n<\/div><\/div><\/div><\/div><div  class =\"genesisexpo_module_spacing\"><div class=\"spacing_size spacing_size-initial\" style=\"height:35px;\"><\/div><\/div>  \n<\/div><\/div><\/div><div class=\"wpb_column vc_column_container vc_col-sm-4\"><div class=\"vc_column-inner\"><div class=\"wpb_wrapper\"><div class=\"genesisexpo_module_flipbox type_flip_right\"><div class=\"flipbox_wrapper\" ><div class=\"flipbox_front\" style=\"background-image: url(https:\/\/sustainnsy.com\/wp-content\/uploads\/2024\/04\/SF-1.png);\"><\/div><div class=\"flipbox_back\" style=\"background-image: url(https:\/\/sustainnsy.com\/wp-content\/uploads\/2024\/04\/M1.png);\"><div class=\"flipbox_back_content\"><div class=\"flipbox_logo\"><img decoding=\"async\" src=\"\" alt=\"\"><\/div><div class=\"flipbox_content\" style=\"color:#ffffff;\">Suriye Forumu<\/div><div id=\"genesisexpo_button_69e139f55bdba\" class=\"genesisexpo_module_button wgl_button wgl_button-xl wgl_button-icon_left acenter\">\n\t<a href=\"https:\/\/syrianforum.org\/%D9%85%D9%86-%D9%86%D8%AD%D9%86%D8%9F.html\" style=\"border-radius:50px; border-width:1px; \" >Read More<\/a>\n<\/div>\n    \n<\/div><\/div><\/div><\/div><div  class =\"genesisexpo_module_spacing\"><div class=\"spacing_size spacing_size-initial\" style=\"height:35px;\"><\/div><\/div>  \n<\/div><\/div><\/div><div class=\"wpb_column vc_column_container vc_col-sm-4\"><div class=\"vc_column-inner\"><div class=\"wpb_wrapper\"><div class=\"genesisexpo_module_flipbox type_flip_right\"><div class=\"flipbox_wrapper\" ><div class=\"flipbox_front\" style=\"background-image: url(https:\/\/sustainnsy.com\/wp-content\/uploads\/2024\/04\/TR_ENG_LOGO.png);\"><\/div><div class=\"flipbox_back\" style=\"background-image: url(https:\/\/sustainnsy.com\/wp-content\/uploads\/2024\/04\/M1.png);\"><div class=\"flipbox_back_content\"><div class=\"flipbox_logo\"><img decoding=\"async\" src=\"\" alt=\"\"><\/div><div class=\"flipbox_content\" style=\"color:#ffffff;\">S\u0131n\u0131rs\u0131z Merhamet Derne\u011fi<\/div><div id=\"genesisexpo_button_69e139f55c40e\" class=\"genesisexpo_module_button wgl_button wgl_button-xl wgl_button-icon_left acenter\">\n\t<a href=\"https:\/\/mwlimits.org\/about-us\/\" style=\"border-radius:50px; border-width:1px; \" >Read More<\/a>\n<\/div>\n    \n<\/div><\/div><\/div><\/div><div  class =\"genesisexpo_module_spacing\"><div class=\"spacing_size spacing_size-initial\" style=\"height:35px;\"><\/div><\/div>  \n<\/div><\/div><\/div><\/div><div data-vc-full-width=\"true\" data-vc-full-width-init=\"false\" class=\"vc_row wpb_row vc_row-fluid vc_custom_1714739120245 vc_row-has-fill\"><div class=\"wpb_column vc_column_container vc_col-sm-12\"><div class=\"vc_column-inner\"><div class=\"wpb_wrapper\"><div  class =\"genesisexpo_module_spacing\"><div class=\"spacing_size spacing_size-initial\" style=\"height:50px;\"><\/div><\/div>  \n<div id=\"genesisexpo_dbl_69e139f55c9db\" class=\"genesisexpo_module_double_headings acenter\"><div class=\"heading_bgtitle\" style=\"font-size:120px; line-height:0.25; font-weight:800; \"><div class=\"heading_bgtitle_mobile\" style=\"font-size:50px; line-height: 0.25;\">Sponsors<\/div><\/div><div class=\"heading_subtitle\" style=\"font-size:36px; line-height:16px; font-weight:400; \">\u0646\u0628\u0630\u0629 \u0639\u0646<\/div><div class=\"heading_title\" style=\"font-size:60px; line-height:0.867; font-weight:500; \"><div class=\"heading_title_mobile\" style=\"font-size:35px; line-height: 0.867;\">Destek Veren Taraflar<\/div><\/div><\/div>  \n<div  class =\"genesisexpo_module_spacing\"><div class=\"spacing_size spacing_size-initial\" style=\"height:18px;\"><\/div><\/div>  \n<\/div><\/div><\/div><\/div><div class=\"vc_row-full-width vc_clearfix\"><\/div><div class=\"vc_row wpb_row vc_row-fluid\"><div class=\"wpb_column vc_column_container vc_col-sm-12\"><div class=\"vc_column-inner\"><div class=\"wpb_wrapper\"><div id=\"genesisexpo_infobox_69e139f55cfa2\" class=\"genesisexpo_module_infobox type_default layout_top infobox_alignment_right hover-animation\"><div class=\"infobox_wrapper\"><div class=\"infobox_icon_wrapper\" ><div class=\"infobox_icon_container\"><div class=\"infobox_icon\" ><img decoding=\"async\" src=\"https:\/\/sustainnsy.com\/wp-content\/uploads\/2024\/04\/AR-new-color-\u0639\u0631\u0628\u064a.png\" alt=\"\"  \/><\/div><\/div><\/div><h6 class=\"infobox_title\" >Ataa \u0130nsani Yard\u0131m Derne\u011fi<\/h6><h4 class=\"infobox_subtitle\" >ATAA Humanitarian Relief Association<\/h4><span class=\"infobox_content\" >Ataa \u0130nsani Yard\u0131m Derne\u011fi, kar amac\u0131 g\u00fctmemekte ve 2013 y\u0131l\u0131ndan bu yana T\u00fcrkiye'de faaliyet g\u00f6stermektedir. Suriye ve T\u00fcrkiye'de yerinden edilmi\u015f Suriyelilere ve m\u00fcltecilere insani yard\u0131m ve hizmet sa\u011flamak i\u00e7in \u00e7al\u0131\u015fan dernek, faaliyet g\u00f6sterdi\u011fi y\u0131llar boyunca be\u015f milyondan fazla Suriyeliye yard\u0131m etmi\u015ftir. \u0130nsanl\u0131k, \u015feffafl\u0131k, ayr\u0131mc\u0131l\u0131k yapmama ve insan onuruna sayg\u0131 de\u011ferlerine ba\u011fl\u0131 olan dernek insani yard\u0131m sa\u011flayarak, e\u011fitim ve sa\u011fl\u0131k hizmetlerini te\u015fvik ederek, ekonomik ve sosyal g\u00fc\u00e7lenmeyi destekleyerek, ihtiya\u00e7 sahibi ve zarar g\u00f6ren gruplara yard\u0131m sa\u011flayarak, e\u011fitim ve istihdam f\u0131rsatlar\u0131 sunarak ve insani yard\u0131m \u00e7al\u0131\u015fmalar\u0131 alan\u0131nda yerel ve uluslararas\u0131 i\u015fbirli\u011fini te\u015fvik ederek hedeflerine ula\u015fmak i\u00e7in aktif olarak \u00e7al\u0131\u015fmaktad\u0131r.<\/span><a class=\"infobox_button button-read-more\" href=\"https:\/\/ataarelief.org\/about-us\/\" style=\"font-size:Read morepx; \"><\/a><\/div><\/div>  \n<div  class =\"genesisexpo_module_spacing\"><div class=\"spacing_size spacing_size-initial\" style=\"height:18px;\"><\/div><\/div>  \n<\/div><\/div><\/div><\/div><div class=\"vc_row wpb_row vc_row-fluid\"><div class=\"wpb_column vc_column_container vc_col-sm-12\"><div class=\"vc_column-inner\"><div class=\"wpb_wrapper\"><div id=\"genesisexpo_infobox_69e139f55d716\" class=\"genesisexpo_module_infobox type_default layout_top infobox_alignment_right hover-animation\"><div class=\"infobox_wrapper\"><div class=\"infobox_icon_wrapper\" ><div class=\"infobox_icon_container\"><div class=\"infobox_icon\" ><img decoding=\"async\" src=\"https:\/\/sustainnsy.com\/wp-content\/uploads\/2024\/04\/HARMOON-LOGO-02.png\" alt=\"\"  \/><\/div><\/div><\/div><h5 class=\"infobox_title\" >Harmoon \u00c7a\u011fda\u015f Ara\u015ft\u0131rmalar Merkezi<\/h5><span class=\"infobox_subtitle\" >Harmoon Center for Contemporary Studies<\/span><div class=\"infobox_content\" >Harmoon \u00c7a\u011fda\u015f Ara\u015ft\u0131rmalar Merkezi teorik yenili\u011fi destekleyen ba\u011f\u0131ms\u0131z, k\u00e2r amac\u0131 g\u00fctmeyen, bilimsel bir ara\u015ft\u0131rma kurulu\u015fudur. Suriye halk\u0131n\u0131n g\u00fcncel sorunlar\u0131, Suriye'de devam etmekte olan \u00e7at\u0131\u015fma ve modern bir ulusal devlete ge\u00e7i\u015f yollar\u0131 ile ilgilenmektedir. Kurulu\u015f, \u00e7a\u011fda\u015f de\u011ferlere, \u00f6zg\u00fcrl\u00fc\u011fe, demokrasiye, adalete, insan haklar\u0131na ve vatanda\u015fl\u0131k de\u011ferlerine dayanarak siyasi, ekonomik, sosyal ve fikri \u00e7al\u0131\u015fmalar \u00fcretmekte, projeler uygulamakta ve kamusal bir tart\u0131\u015fma alan\u0131 olmak i\u00e7in \u00e7al\u0131\u015fmaktad\u0131r.<\/div><a class=\"infobox_button button-read-more\" href=\"https:\/\/www.harmoon.org\/%d9%85%d9%86-%d9%86%d8%ad%d9%86\/\" style=\"font-size:Read morepx; \"><\/a><\/div><\/div>  \n<div  class =\"genesisexpo_module_spacing\"><div class=\"spacing_size spacing_size-initial\" style=\"height:18px;\"><\/div><\/div>  \n<\/div><\/div><\/div><\/div><div class=\"vc_row wpb_row vc_row-fluid\"><div class=\"wpb_column vc_column_container vc_col-sm-12\"><div class=\"vc_column-inner\"><div class=\"wpb_wrapper\"><div id=\"genesisexpo_infobox_69e139f55ddf8\" class=\"genesisexpo_module_infobox type_default layout_top infobox_alignment_right hover-animation\"><div class=\"infobox_wrapper\"><div class=\"infobox_icon_wrapper\" ><div class=\"infobox_icon_container\"><div class=\"infobox_icon\" ><img decoding=\"async\" src=\"https:\/\/sustainnsy.com\/wp-content\/uploads\/2024\/04\/removebg-preview.png\" alt=\"\"  \/><\/div><\/div><\/div><h5 class=\"infobox_title\" >S\u0131n\u0131rs\u0131z Merhamet Derne\u011fi<\/h5><span class=\"infobox_subtitle\" >Mercy Without limits<\/span><div class=\"infobox_content\" >S\u0131n\u0131rs\u0131z Merhamet Derne\u011fi, T\u00fcrkiye\u2019de 2015 y\u0131l\u0131nda Gaziantep'te kar amac\u0131 g\u00fctmeyen bir sivil toplum \u00f6rg\u00fct\u00fc olarak kurulmu\u015ftur. Suriye'nin kuzeybat\u0131s\u0131 ve T\u00fcrkiye'nin \u00e7e\u015fitli illerinde insani yard\u0131m alan\u0131nda hizmet veren S\u0131n\u0131rs\u0131z Merhamet Derne\u011fi, \u015fu alanlarda \u00e7al\u0131\u015fmalar\u0131na devam etmektedir: su, kanalizasyon ve hijyen, koruma, e\u011fitim, bar\u0131nma\/temel t\u00fcketim maddelerinin temini, g\u0131da g\u00fcvenli\u011fi ve ge\u00e7im kaynaklar\u0131 ve kamp y\u00f6netimi. S\u0131n\u0131rs\u0131z Merhamet Derne\u011fi, STK Forumu ve E\u011fitim ve Bar\u0131nma Stratejik Dan\u0131\u015fma Grubu'nun aktif bir \u00fcyesidir ve Suriye\u2019nin Kuzeybat\u0131s\u0131ndaki yeni yard\u0131m fonunun y\u00f6netim kurulunda bulunmaktad\u0131r.<\/div><a class=\"infobox_button button-read-more\" href=\"https:\/\/mwlimits.org\/about-us\/\" style=\"font-size:Read morepx; \"><\/a><\/div><\/div>  \n<div  class =\"genesisexpo_module_spacing\"><div class=\"spacing_size spacing_size-initial\" style=\"height:18px;\"><\/div><\/div>  \n<\/div><\/div><\/div><\/div><div class=\"vc_row wpb_row vc_row-fluid\"><div class=\"wpb_column vc_column_container vc_col-sm-12\"><div class=\"vc_column-inner\"><div class=\"wpb_wrapper\"><div id=\"genesisexpo_infobox_69e139f55e537\" class=\"genesisexpo_module_infobox type_default layout_top infobox_alignment_right hover-animation\"><div class=\"infobox_wrapper\"><div class=\"infobox_icon_wrapper\" ><div class=\"infobox_icon_container\"><div class=\"infobox_icon\" ><img decoding=\"async\" src=\"https:\/\/sustainnsy.com\/wp-content\/uploads\/2024\/03\/SAMS-Logo.png\" alt=\"\"  \/><\/div><\/div><\/div><h5 class=\"infobox_title\" >Suriye Amerikan T\u0131p Derne\u011fi (SAMS)<\/h5><span class=\"infobox_subtitle\" >Syrian American Medical Society (SAMS)<\/span><div class=\"infobox_content\" >Suriye Amerikan T\u0131p Derne\u011fi (SAMS), Suriye ve kom\u015fu \u00fclkelerde insani yard\u0131m \u00e7al\u0131\u015fmalar\u0131 y\u00fcr\u00fcten k\u00fcresel bir t\u0131p kurulu\u015fudur. Dernek, Suriye'de sa\u011fl\u0131k hizmetlerini g\u00fc\u00e7lendirmeyi ve t\u0131bbi yard\u0131m sa\u011flamay\u0131 ama\u00e7lamaktad\u0131r. Dernek programlar\u0131 \u015funlar\u0131 i\u00e7ermektedir: Sa\u011fl\u0131k tesislerinin desteklenmesi; halk sa\u011fl\u0131\u011f\u0131 konusunda bilin\u00e7lendirme \u00e7al\u0131\u015fmalar\u0131; ruh sa\u011fl\u0131\u011f\u0131 ve psikososyal destek tesislerinin, fizyoterapi merkezlerinin ve kad\u0131nlar ile k\u0131z \u00e7ocuklar\u0131 i\u00e7in g\u00fcvenli alanlar\u0131n i\u015fletilmesi; yerel ve uluslararas\u0131 t\u0131bbi misyonlar arac\u0131l\u0131\u011f\u0131yla uzmanla\u015fm\u0131\u015f sa\u011fl\u0131k hizmetleri sa\u011flanmas\u0131. Ayr\u0131ca Suriye'de insan haklar\u0131 savunuculu\u011fu ve insani eri\u015fim giri\u015fimlerine liderlik etmektedir.<\/div><a class=\"infobox_button button-read-more\" href=\"https:\/\/www.sams-usa.net\/who-we-are\/\" style=\"font-size:Read morepx; \"><\/a><\/div><\/div>  \n<div  class =\"genesisexpo_module_spacing\"><div class=\"spacing_size spacing_size-initial\" style=\"height:18px;\"><\/div><\/div>  \n<\/div><\/div><\/div><\/div><div class=\"vc_row wpb_row vc_row-fluid\"><div class=\"wpb_column vc_column_container vc_col-sm-12\"><div class=\"vc_column-inner\"><div class=\"wpb_wrapper\"><div id=\"genesisexpo_infobox_69e139f55ec1c\" class=\"genesisexpo_module_infobox type_default layout_top infobox_alignment_right hover-animation\"><div class=\"infobox_wrapper\"><div class=\"infobox_icon_wrapper\" ><div class=\"infobox_icon_container\"><div class=\"infobox_icon\" ><img decoding=\"async\" src=\"https:\/\/sustainnsy.com\/wp-content\/uploads\/2024\/03\/\u0648\u0627\u064a\u062a-\u0647\u064a\u0644\u0645\u064a\u062a-04.png\" alt=\"\"  \/><\/div><\/div><\/div><h5 class=\"infobox_title\" >Suriye Sivil Savunmas\u0131 (Beyaz Baretliler)<\/h5><span class=\"infobox_subtitle\" >The Syria Civil Defense (White Helmets)<\/span><div class=\"infobox_content\" >Suriye Sivil Savunmas\u0131 (Beyaz Baretliler), Suriye'deki topluma yard\u0131m etmeye adanm\u0131\u015f bir insani yard\u0131m kurulu\u015fudur. 2013 y\u0131l\u0131nda, toplumun her kesiminden g\u00f6n\u00fcll\u00fclerin, \u015fehir ve kasabalara y\u00f6nelik hava ve kara bombard\u0131manlar\u0131na yan\u0131t vermek i\u00e7in itfaiye, sa\u011fl\u0131k ve kamu hizmetleri gibi temel devlet hizmetlerinin durdurulmas\u0131ndan kaynaklanan bo\u015fluklar\u0131 doldurmak i\u00e7in bir araya gelmesiyle faaliyetlerine ba\u015flam\u0131\u015ft\u0131r. Suriye\u2019de sava\u015f\u0131n ve do\u011fal afetlerin olumsuz etkilerini gidermek noktas\u0131nda 3.300 g\u00f6n\u00fcll\u00fc ile \u00e7al\u0131\u015fmalar\u0131na devam etmektedir.<\/div><a class=\"infobox_button button-read-more\" href=\"https:\/\/www.syriacivildefence.org\/ar\/who-we-are\/volunteers\/\" style=\"font-size:Read morepx; \"><\/a><\/div><\/div>  \n<div  class =\"genesisexpo_module_spacing\"><div class=\"spacing_size spacing_size-initial\" style=\"height:18px;\"><\/div><\/div>  \n<\/div><\/div><\/div><\/div><div class=\"vc_row wpb_row vc_row-fluid\"><div class=\"wpb_column vc_column_container vc_col-sm-12\"><div class=\"vc_column-inner\"><div class=\"wpb_wrapper\"><div id=\"genesisexpo_infobox_69e139f55f312\" class=\"genesisexpo_module_infobox type_default layout_top infobox_alignment_right hover-animation\"><div class=\"infobox_wrapper\"><div class=\"infobox_icon_wrapper\" ><div class=\"infobox_icon_container\"><div class=\"infobox_icon\" ><img decoding=\"async\" src=\"https:\/\/sustainnsy.com\/wp-content\/uploads\/2024\/04\/SF-2.png\" alt=\"\"  \/><\/div><\/div><\/div><h5 class=\"infobox_title\" >Suriye Forumu<\/h5><span class=\"infobox_subtitle\" >Syrian forum<\/span><div class=\"infobox_content\" >Suriye Forumu, 2011 y\u0131l\u0131nda kar amac\u0131 g\u00fctmeyen bir kurulu\u015f olarak T\u00fcrkiye'de kurulmu\u015ftur. Be\u015f ana \u00e7al\u0131\u015fma alan\u0131na sahiptir: Suriyelilerin en \u00e7ok ihtiya\u00e7 duydu\u011fu hizmetleri sa\u011flamak, kendine yeterlili\u011fi sa\u011flamak i\u00e7in yeni ge\u00e7im kaynaklar\u0131 \u00fcretmek, s\u00fcrd\u00fcr\u00fclebilir kalk\u0131nmay\u0131 ve yerel ekonomiyi iyile\u015ftirmek i\u00e7in ekonomik g\u00fc\u00e7lendirme \u00e7al\u0131\u015fmalar\u0131, Suriye sivil toplumunda \u015feffafl\u0131\u011f\u0131 ve hesap verebilirli\u011fi yerle\u015ftirerek etkili bir y\u00f6neti\u015fim sistemi olu\u015fturmak. Ayr\u0131ca e\u011fitim alan\u0131ndaki mevcut bo\u015flu\u011fu kapatmak amac\u0131yla e\u011fitim sistemini destekleyen Forum, uluslararas\u0131 platformlarda Suriye davas\u0131n\u0131 savunmaktad\u0131r. Kurulu\u015f, ekonomik ba\u011f\u0131ms\u0131zl\u0131\u011fa ula\u015fmay\u0131 ve Suriyelilerin t\u00fcm haklar\u0131n\u0131 garanti alt\u0131na alan, yerel ve uluslararas\u0131 d\u00fczeyde olumlu bir etkiye sahip olmalar\u0131n\u0131 sa\u011flayan e\u011fitimli, m\u00fcreffeh, adil ve kat\u0131l\u0131mc\u0131 bir toplum in\u015fa etmeyi ama\u00e7lamaktad\u0131r.<\/div><a class=\"infobox_button button-read-more\" href=\"https:\/\/syrianforum.org\/%D9%85%D9%86-%D9%86%D8%AD%D9%86%D8%9F.html\" style=\"font-size:Read morepx; \"><\/a><\/div><\/div>  \n<div  class =\"genesisexpo_module_spacing\"><div class=\"spacing_size spacing_size-initial\" style=\"height:18px;\"><\/div><\/div>  \n<\/div><\/div><\/div><\/div><div class=\"vc_row wpb_row vc_row-fluid\"><div class=\"wpb_column vc_column_container vc_col-sm-12\"><div class=\"vc_column-inner\"><div class=\"wpb_wrapper\"><div id=\"genesisexpo_infobox_69e139f55fa37\" class=\"genesisexpo_module_infobox type_default layout_top infobox_alignment_right hover-animation\"><div class=\"infobox_wrapper\"><div class=\"infobox_icon_wrapper\" ><div class=\"infobox_icon_container\"><div class=\"infobox_icon\" ><img decoding=\"async\" src=\"https:\/\/sustainnsy.com\/wp-content\/uploads\/2024\/03\/\u0634\u0639\u0627\u0631-\u062c\u0645\u0639\u064a\u0629-\u0627\u0644\u0623\u064a\u0627\u062f\u064a-\u0627\u0644\u0628\u064a\u0636\u0627\u0621.png\" alt=\"\"  \/><\/div><\/div><\/div><h5 class=\"infobox_title\" >Beyaz Eller Derne\u011fi<\/h5><span class=\"infobox_subtitle\" >White Hands Association<\/span><div class=\"infobox_content\" >Beyaz Eller Derne\u011fi, 2013 y\u0131l\u0131nda T\u00fcrkiye'de kurulmu\u015f kar amac\u0131 g\u00fctmeyen ba\u011f\u0131ms\u0131z bir kurulu\u015ftur. Kendini insani yard\u0131m ve s\u00fcrd\u00fcr\u00fclebilir kalk\u0131nmaya adam\u0131\u015f olan Beyaz Eller Derne\u011fi, Suriye ve T\u00fcrkiye'de temel acil yard\u0131m, e\u011fitim deste\u011fi, sa\u011fl\u0131k hizmetleri ve ge\u00e7im kayna\u011f\u0131 programlar\u0131 sunmaktad\u0131r. Ayr\u0131ca altyap\u0131 geli\u015ftirmeye odaklanarak okullar in\u015fa etmi\u015f, \u00e7e\u015fitli e\u011fitim tesislerini yenilemi\u015f ve kapsaml\u0131 bir yerle\u015fim k\u00f6y\u00fcn\u00fcn olu\u015fturulmas\u0131na \u00f6nc\u00fcl\u00fck etmi\u015ftir. Ayn\u0131 zamanda Suriye'nin kuzeybat\u0131s\u0131ndaki lojistik altyap\u0131s\u0131n\u0131 g\u00fc\u00e7lendirmi\u015f, sa\u011fl\u0131k tesislerini desteklemi\u015f ve kendine yeterlili\u011fi te\u015fvik etmek i\u00e7in tar\u0131m projelerini desteklemi\u015ftir. Kurulu\u015f ayr\u0131ca Suriyeli gen\u00e7lerin mesleki a\u00e7\u0131dan yetkinle\u015fmelerini sa\u011flamak i\u00e7in mesleki e\u011fitim programlar\u0131 da sunmaktad\u0131r.<\/div><a class=\"infobox_button button-read-more\" href=\"https:\/\/www.beyazeller.org\/%d9%85%d9%86-%d9%86%d8%ad%d9%86\/%d8%a7%d9%84%d8%b1%d8%a4%d9%8a%d8%a9\/\" style=\"font-size:Read morepx; \"><\/a><\/div><\/div>  \n<div  class =\"genesisexpo_module_spacing\"><div class=\"spacing_size spacing_size-initial\" style=\"height:18px;\"><\/div><\/div>  \n<\/div><\/div><\/div><\/div>\n<\/div>","protected":false},"excerpt":{"rendered":"\u062c\u0645\u0639\u064a\u0629 \u0639\u0637\u0627\u0621 \u0644\u0644\u0625\u063a\u0627\u062b\u0629 \u0627\u0644\u0625\u0646\u0633\u0627\u0646\u064a\u0629 Read More \u0627\u0644\u062c\u0645\u0639\u064a\u0629 \u0627\u0644\u0637\u0628\u064a\u0629 \u0627\u0644\u0633\u0648\u0631\u064a\u0629 \u0627\u0644\u0623\u0645\u0631\u064a\u0643\u064a\u0629 Read More \u0627\u0644\u062f\u0641\u0627\u0639 \u0627\u0644\u0645\u062f\u0646\u064a \u0627\u0644\u0633\u0648\u0631\u064a Read More \u0627\u0644\u0623\u064a\u0627\u062f\u064a \u0627\u0644\u0628\u064a\u0636\u0627\u0621 Read More \u0645\u0631\u0643\u0632 \u062d\u0631\u0645\u0648\u0646 \u0644\u0644\u062f\u0631\u0627\u0633\u0627\u062a \u0627\u0644\u0645\u0639\u0627\u0635\u0631\u0629 Read More \u0627\u0644\u0645\u0646\u062a\u062f\u0649 \u0627\u0644\u0633\u0648\u0631\u064a Read More \u0645\u0646\u0638\u0645\u0629 \u0627\u0644\u0631\u062d\u0645\u0629 \u0628\u0644\u0627 \u062d\u062f\u0648\u062f Read More Sponsors\u0646\u0628\u0630\u0629 \u0639\u0646\u0627\u0644\u062c\u0647\u0627\u062a \u0627\u0644\u0631\u0627\u0639\u064a\u0629 \u062c\u0645\u0639\u064a\u0629 \u0639\u0637\u0627\u0621 \u0644\u0644\u0625\u063a\u0627\u062b\u0629 \u0627\u0644\u0625\u0646\u0633\u0627\u0646\u064a\u0629ATAA Humanitarian Relief Association\u062c\u0645\u0639\u064a\u0629 \u0639\u0637\u0627\u0621 \u0644\u0644\u0625\u063a\u0627\u062b\u0629 \u0627\u0644\u0625\u0646\u0633\u0627\u0646\u064a\u0629 \u0647\u064a \u062c\u0645\u0639\u064a\u0629 \u062e\u064a\u0631\u064a\u0629 \u063a\u064a\u0631 \u0631\u0628\u062d\u064a\u0629 [...]","protected":false},"author":1,"featured_media":0,"parent":0,"menu_order":0,"comment_status":"closed","ping_status":"closed","template":"","meta":{"om_disable_all_campaigns":false,"_monsterinsights_skip_tracking":false,"_monsterinsights_sitenote_active":false,"_monsterinsights_sitenote_note":"","_monsterinsights_sitenote_category":0,"_uf_show_specific_survey":0,"_uf_disable_surveys":false,"footnotes":""},"class_list":["post-383","page","type-page","status-publish","hentry"],"aioseo_notices":[],"_links":{"self":[{"href":"https:\/\/sustainnsy.com\/tr\/wp-json\/wp\/v2\/pages\/383","targetHints":{"allow":["GET"]}}],"collection":[{"href":"https:\/\/sustainnsy.com\/tr\/wp-json\/wp\/v2\/pages"}],"about":[{"href":"https:\/\/sustainnsy.com\/tr\/wp-json\/wp\/v2\/types\/page"}],"author":[{"embeddable":true,"href":"https:\/\/sustainnsy.com\/tr\/wp-json\/wp\/v2\/users\/1"}],"replies":[{"embeddable":true,"href":"https:\/\/sustainnsy.com\/tr\/wp-json\/wp\/v2\/comments?post=383"}],"version-history":[{"count":63,"href":"https:\/\/sustainnsy.com\/tr\/wp-json\/wp\/v2\/pages\/383\/revisions"}],"predecessor-version":[{"id":2768,"href":"https:\/\/sustainnsy.com\/tr\/wp-json\/wp\/v2\/pages\/383\/revisions\/2768"}],"wp:attachment":[{"href":"https:\/\/sustainnsy.com\/tr\/wp-json\/wp\/v2\/media?parent=383"}],"curies":[{"name":"wp","href":"https:\/\/api.w.org\/{rel}","templated":true}]}}