{"id":1648,"date":"2018-10-26T09:23:37","date_gmt":"2018-10-26T09:23:37","guid":{"rendered":"http:\/\/genesisexpo.webgeniuslab.net\/?page_id=1648"},"modified":"2024-05-22T19:07:41","modified_gmt":"2024-05-22T16:07:41","slug":"conference-schedule","status":"publish","type":"page","link":"https:\/\/sustainnsy.com\/tr\/conference-schedule\/","title":{"rendered":"Konferans program\u0131"},"content":{"rendered":"<div class=\"wpb-content-wrapper\"><div data-vc-full-width=\"true\" data-vc-full-width-init=\"false\" class=\"vc_row wpb_row vc_row-fluid vc_custom_1714384563518 vc_row-has-fill\"><div class=\"wpb_column vc_column_container vc_col-sm-12\"><div class=\"vc_column-inner\"><div class=\"wpb_wrapper\"><div id=\"genesisexpo_dbl_69e7416c5d13a\" class=\"genesisexpo_module_double_headings acenter\"><div class=\"heading_bgtitle\" style=\"font-size:120px; line-height:0.25; font-weight:800; color:rgba(9,60,142,0.12); \"><div class=\"heading_bgtitle_mobile\" style=\"font-size:50px; line-height: 0.25;\">Schedule<\/div><\/div><div class=\"heading_title\" style=\"font-size:40px; line-height:1.3; font-weight:500; \">Konferans program\u0131<\/div><\/div>  \n<div  class =\"genesisexpo_module_spacing\"><div class=\"spacing_size spacing_size-initial\" style=\"height:20px;\"><\/div><\/div>  \n<div class =\"genesisexpo_module_text\" style=\"font-size:24px;line-height:26px;\">\n<h2 style=\"text-align: center;\"><strong><span style=\"color: #eac1a2;\">Birinci g\u00fcn: 23 May\u0131s 2024 Per\u015fembe<\/span><\/strong><\/h2>\n<\/div>  \n<div class=\"genesisexpo_module_time_line_vertical appear_anim\"><div id=\"time_line_69e7416c5d6cf\" class=\"time_line-item item_active\"><div class=\"time_line-date_wrap\"><div class=\"time_line-check\"><i class=\"flaticon-check-2\"><\/i><\/div><h4 class=\"time_line-date\"><\/h4><\/div><div class=\"time_line-content\"><h5 class=\"time_line-title\">Kat\u0131l\u0131mc\u0131lar\u0131n ve misafirlerin kar\u015f\u0131lanmas\u0131<\/h5><div class=\"time_line-descr\">9:00 AM - 10:00 AM<\/div><\/div><\/div><div id=\"time_line_69e7416c5d711\" class=\"time_line-item\"><div class=\"time_line-date_wrap\"><div class=\"time_line-check\"><i class=\"flaticon-check-2\"><\/i><\/div><h4 class=\"time_line-date\"><\/h4><\/div><div class=\"time_line-content\"><h5 class=\"time_line-title\">Ana Etkinlik<\/h5><div class=\"time_line-descr\">10:00 AM - 11:30 AM<\/div><\/div><\/div><div id=\"time_line_69e7416c5d726\" class=\"time_line-item\"><div class=\"time_line-date_wrap\"><div class=\"time_line-check\"><i class=\"flaticon-check-2\"><\/i><\/div><h4 class=\"time_line-date\"><\/h4><\/div><div class=\"time_line-content\"><h5 class=\"time_line-title\">G\u00fc\u00e7lendirme Giri\u015fimcileri Fuar\u0131 A\u00e7\u0131l\u0131\u015f\u0131<\/h5><div class=\"time_line-descr\">11:30 AM - 12:00 PM<\/div><\/div><\/div><div id=\"time_line_69e7416c5d737\" class=\"time_line-item\"><div class=\"time_line-date_wrap\"><div class=\"time_line-check\"><i class=\"flaticon-check-2\"><\/i><\/div><h4 class=\"time_line-date\"><\/h4><\/div><div class=\"time_line-content\"><h5 class=\"time_line-title\">Birinci Oturum: Ekonomik kalk\u0131nman\u0131n desteklenmesi: Uluslararas\u0131 ve Arap kurulu\u015flar\u0131n\u0131n \u00e7at\u0131\u015fma b\u00f6lgelerinde istikrar ve s\u00fcrd\u00fcr\u00fclebilirli\u011fe y\u00f6nelik vizyonlar\u0131.    <\/h5><div class=\"time_line-descr\">12:30 PM - 2:00 PM<\/div><\/div><\/div><div id=\"time_line_69e7416c5d747\" class=\"time_line-item\"><div class=\"time_line-date_wrap\"><div class=\"time_line-check\"><i class=\"flaticon-check-2\"><\/i><\/div><h4 class=\"time_line-date\"><\/h4><\/div><div class=\"time_line-content\"><h5 class=\"time_line-title\">\u0130kinci Oturum: Kalk\u0131nma ve ortakl\u0131k: Sponsorlar\u0131n ekonomik g\u00fc\u00e7lendirme ve s\u00fcrd\u00fcr\u00fclebilirli\u011fe y\u00f6nelik katk\u0131lar\u0131<\/h5><div class=\"time_line-descr\">3:00 PM - 4:30 PM<\/div><\/div><\/div><div id=\"time_line_69e7416c5d755\" class=\"time_line-item\"><div class=\"time_line-date_wrap\"><div class=\"time_line-check\"><i class=\"flaticon-check-2\"><\/i><\/div><h4 class=\"time_line-date\"><\/h4><\/div><div class=\"time_line-content\"><h5 class=\"time_line-title\">\u00dc\u00e7\u00fcnc\u00fc Oturum: Suriye'nin kuzeyinde kalk\u0131nman\u0131n desteklenmesinde uluslararas\u0131 toplum ve kom\u015fu \u00fclkelerin stratejik \u00f6nemi<\/h5><div class=\"time_line-descr\">5:00 PM - 6:30 PM<\/div><\/div><\/div><div id=\"time_line_69e7416c5d765\" class=\"time_line-item\"><div class=\"time_line-date_wrap\"><div class=\"time_line-check\"><i class=\"flaticon-check-2\"><\/i><\/div><h4 class=\"time_line-date\"><\/h4><\/div><div class=\"time_line-content\"><h5 class=\"time_line-title\">\u0648\u0631\u0634\u0629 \u0627\u0644\u0639\u0645\u0644 \u0627\u0644\u062a\u062e\u0635\u0635\u064a\u0629: \u0633\u0644\u0627\u0633\u0644 \u0627\u0644\u0642\u064a\u0645\u0629 \u0627\u0644\u0645\u0627\u0644\u064a\u0629: \u062a\u0643\u0627\u0645\u0644 \u0627\u0644\u0628\u0646\u0648\u0643 \u0648\u0627\u0644\u0627\u062a\u0635\u0627\u0644\u0627\u062a \u0648\u0627\u0644\u0644\u0648\u062c\u0633\u062a\u064a\u0627\u062a \u0641\u064a \u0628\u064a\u0626\u0629 \u0627\u0642\u062a\u0635\u0627\u062f\u064a\u0629 \u0645\u0633\u062a\u062f\u0627\u0645\u0629<\/h5><div class=\"time_line-descr\">5:00 PM - 6:30 PM<\/div><\/div><\/div><\/div><div  class =\"genesisexpo_module_spacing\"><div class=\"spacing_size spacing_size-initial\" style=\"height:45px;\"><\/div><\/div>  \n<\/div><\/div><\/div><\/div><div class=\"vc_row-full-width vc_clearfix\"><\/div><div data-vc-full-width=\"true\" data-vc-full-width-init=\"false\" class=\"vc_row wpb_row vc_row-fluid vc_custom_1714384674220 vc_row-has-fill\"><div class=\"wpb_column vc_column_container vc_col-sm-12\"><div class=\"vc_column-inner\"><div class=\"wpb_wrapper\"><div class =\"genesisexpo_module_text\" style=\"font-size:24px;line-height:26px;\">\n<h2 style=\"text-align: center;\"><strong><span style=\"color: #eac1a2;\">\u0130kinci g\u00fcn: 24 May\u0131s 2024 Cuma<\/span><\/strong><\/h2>\n<\/div>  \n<div class=\"genesisexpo_module_time_line_vertical appear_anim\"><div id=\"time_line_69e7416c5ddf3\" class=\"time_line-item\"><div class=\"time_line-date_wrap\"><div class=\"time_line-check\"><i class=\"flaticon-check-2\"><\/i><\/div><h4 class=\"time_line-date\"><\/h4><\/div><div class=\"time_line-content\"><h5 class=\"time_line-title\">Birinci Oturum: Ekonomik krizin ve deprem etkilerinin a\u015f\u0131lmas\u0131nda yat\u0131r\u0131m f\u0131rsatlar\u0131 ve i\u015fbirliklerinin rol\u00fc<\/h5><div class=\"time_line-descr\">9:30 AM - 11:00 AM<\/div><\/div><\/div><div id=\"time_line_69e7416c5de1b\" class=\"time_line-item\"><div class=\"time_line-date_wrap\"><div class=\"time_line-check\"><i class=\"flaticon-check-2\"><\/i><\/div><h4 class=\"time_line-date\"><\/h4><\/div><div class=\"time_line-content\"><h5 class=\"time_line-title\">Tematik \u00c7al\u0131\u015ftay: Tar\u0131m sekt\u00f6r\u00fcn\u00fcn g\u0131da g\u00fcvenli\u011fi ve ekonomik kalk\u0131nmadaki \u00f6nemi<\/h5><div class=\"time_line-descr\">9:30 AM - 11:00 AM<\/div><\/div><\/div><div id=\"time_line_69e7416c5de30\" class=\"time_line-item\"><div class=\"time_line-date_wrap\"><div class=\"time_line-check\"><i class=\"flaticon-check-2\"><\/i><\/div><h4 class=\"time_line-date\"><\/h4><\/div><div class=\"time_line-content\"><h5 class=\"time_line-title\">\u0130kinci Oturum: Kalk\u0131nma esaslar\u0131: E\u011fitim ve sa\u011fl\u0131k sekt\u00f6rlerinde altyap\u0131 rehabilitasyonu ve y\u00f6netimin ekonomik kalk\u0131nmadaki rol\u00fc<\/h5><div class=\"time_line-descr\">11:30 PM 1:00 - AM<\/div><\/div><\/div><div id=\"time_line_69e7416c5de41\" class=\"time_line-item\"><div class=\"time_line-date_wrap\"><div class=\"time_line-check\"><i class=\"flaticon-check-2\"><\/i><\/div><h4 class=\"time_line-date\"><\/h4><\/div><div class=\"time_line-content\"><h5 class=\"time_line-title\">Tematik \u00c7al\u0131\u015ftay: Ekonomik g\u00fc\u00e7lendirme ara\u00e7lar\u0131 olarak mikro finans, yat\u0131r\u0131m fonlar\u0131 ve dayan\u0131\u015fma finansman\u0131.<\/h5><div class=\"time_line-descr\">11:30 PM 1:00 - AM<\/div><\/div><\/div><div id=\"time_line_69e7416c5de52\" class=\"time_line-item\"><div class=\"time_line-date_wrap\"><div class=\"time_line-check\"><i class=\"flaticon-check-2\"><\/i><\/div><h4 class=\"time_line-date\"><\/h4><\/div><div class=\"time_line-content\"><h5 class=\"time_line-title\">\u00dc\u00e7\u00fcnc\u00fc Oturum: \u0130lham verici hikayeler: Sava\u015flar\u0131n ve krizlerin \u00fcstesinden gelen \u00fclkelerden ba\u015far\u0131 hikayeleri.<\/h5><div class=\"time_line-descr\">2:30 PM 4:00 - PM<\/div><\/div><\/div><div id=\"time_line_69e7416c5de61\" class=\"time_line-item\"><div class=\"time_line-date_wrap\"><div class=\"time_line-check\"><i class=\"flaticon-check-2\"><\/i><\/div><h4 class=\"time_line-date\"><\/h4><\/div><div class=\"time_line-content\"><h5 class=\"time_line-title\">Tematik \u00c7al\u0131\u015ftay: Sa\u011fl\u0131k Sistemlerinin Yenilenmesi: Yenilik\u00e7i Sa\u011fl\u0131k Hizmetleri Finansman\u0131<\/h5><div class=\"time_line-descr\">2:30 PM 4:00 - PM<\/div><\/div><\/div><div id=\"time_line_69e7416c5de70\" class=\"time_line-item\"><div class=\"time_line-date_wrap\"><div class=\"time_line-check\"><i class=\"flaticon-check-2\"><\/i><\/div><h4 class=\"time_line-date\"><\/h4><\/div><div class=\"time_line-content\"><h5 class=\"time_line-title\">Kapan\u0131\u015f ve Tavsiyeler<\/h5><div class=\"time_line-descr\">4:30 PM 5:30 - PM<\/div><\/div><\/div><\/div><div  class =\"genesisexpo_module_spacing\"><div class=\"spacing_size spacing_size-initial\" style=\"height:60px;\"><\/div><\/div>  \n<\/div><\/div><\/div><\/div><div class=\"vc_row-full-width vc_clearfix\"><\/div><div class=\"vc_row wpb_row vc_row-fluid\"><div class=\"wpb_column vc_column_container vc_col-sm-12\"><div class=\"vc_column-inner\"><div class=\"wpb_wrapper\"><\/div><\/div><\/div><\/div>\n<\/div>","protected":false},"excerpt":{"rendered":"Schedule\u0628\u0631\u0646\u0627\u0645\u062c \u0627\u0644\u0645\u0624\u062a\u0645\u0631 \u0627\u0644\u064a\u0648\u0645 \u0627\u0644\u0623\u0648\u0644: \u0627\u0644\u062e\u0645\u064a\u0633 23 \u0645\u0627\u064a\u0648\/\u0623\u064a\u0627\u0631 2024 \u0645 \u0627\u0633\u062a\u0642\u0628\u0627\u0644 \u0627\u0644\u0636\u064a\u0648\u0641 \u0648\u0627\u0644\u0645\u0634\u0627\u0631\u0643\u064a\u06469:00 AM - 10:00 AM\u0627\u0644\u0641\u0639\u0627\u0644\u064a\u0629 \u0627\u0644\u0631\u0626\u064a\u0633\u064a\u062910:00 AM - 11:30 AM\u0627\u0641\u062a\u062a\u0627\u062d \u0645\u0639\u0631\u0636 \u0631\u0648\u0627\u062f \u0627\u0644\u062a\u0645\u0643\u064a\u064611:30 AM - 12:00 PM\u0627\u0644\u0646\u062f\u0648\u0629 \u0627\u0644\u0623\u0648\u0644\u0649: \u062a\u0639\u0632\u064a\u0632 \u0627\u0644\u0646\u0647\u0648\u0636 \u0627\u0644\u0627\u0642\u062a\u0635\u0627\u062f\u064a: \u0631\u0624\u0649 \u0627\u0644\u0645\u0646\u0638\u0645\u0627\u062a \u0627\u0644\u062f\u0648\u0644\u064a\u0629 \u0648\u0627\u0644\u0639\u0631\u0628\u064a\u0629 \u0646\u062d\u0648 \u0627\u0644\u0627\u0633\u062a\u0642\u0631\u0627\u0631 \u0648\u0627\u0644\u0627\u0633\u062a\u062f\u0627\u0645\u0629 \u0641\u064a \u0645\u0646\u0627\u0637\u0642 \u0627\u0644\u0646\u0632\u0627\u0639 12:30 PM - 2:00 PM\u0627\u0644\u0646\u062f\u0648\u0629 \u0627\u0644\u062b\u0627\u0646\u064a\u0629: \u0627\u0644\u0634\u0631\u0627\u0643\u0629 \u0646\u062d\u0648 \u0627\u0644\u0646\u0647\u0636\u0629: \u0645\u0633\u0627\u0647\u0645\u0627\u062a \u0648\u0631\u0624\u0649 \u0627\u0644\u062c\u0647\u0627\u062a \u0627\u0644\u0631\u0627\u0639\u064a\u0629 [...]","protected":false},"author":1,"featured_media":0,"parent":0,"menu_order":0,"comment_status":"closed","ping_status":"closed","template":"","meta":{"om_disable_all_campaigns":false,"_monsterinsights_skip_tracking":false,"_monsterinsights_sitenote_active":false,"_monsterinsights_sitenote_note":"","_monsterinsights_sitenote_category":0,"_uf_show_specific_survey":0,"_uf_disable_surveys":false,"footnotes":""},"class_list":["post-1648","page","type-page","status-publish","hentry"],"aioseo_notices":[],"_links":{"self":[{"href":"https:\/\/sustainnsy.com\/tr\/wp-json\/wp\/v2\/pages\/1648","targetHints":{"allow":["GET"]}}],"collection":[{"href":"https:\/\/sustainnsy.com\/tr\/wp-json\/wp\/v2\/pages"}],"about":[{"href":"https:\/\/sustainnsy.com\/tr\/wp-json\/wp\/v2\/types\/page"}],"author":[{"embeddable":true,"href":"https:\/\/sustainnsy.com\/tr\/wp-json\/wp\/v2\/users\/1"}],"replies":[{"embeddable":true,"href":"https:\/\/sustainnsy.com\/tr\/wp-json\/wp\/v2\/comments?post=1648"}],"version-history":[{"count":19,"href":"https:\/\/sustainnsy.com\/tr\/wp-json\/wp\/v2\/pages\/1648\/revisions"}],"predecessor-version":[{"id":2798,"href":"https:\/\/sustainnsy.com\/tr\/wp-json\/wp\/v2\/pages\/1648\/revisions\/2798"}],"wp:attachment":[{"href":"https:\/\/sustainnsy.com\/tr\/wp-json\/wp\/v2\/media?parent=1648"}],"curies":[{"name":"wp","href":"https:\/\/api.w.org\/{rel}","templated":true}]}}