{"id":686,"date":"2018-10-15T09:29:29","date_gmt":"2018-10-15T09:29:29","guid":{"rendered":"http:\/\/genesisexpo.webgeniuslab.net\/?page_id=686"},"modified":"2024-05-07T10:26:40","modified_gmt":"2024-05-07T07:26:40","slug":"faq","status":"publish","type":"page","link":"https:\/\/sustainnsy.com\/en\/faq\/","title":{"rendered":"FAQ"},"content":{"rendered":"<div class=\"wpb-content-wrapper\"><div data-vc-full-width=\"true\" data-vc-full-width-init=\"false\" class=\"vc_row wpb_row vc_row-fluid vc_custom_1714480763463 vc_row-has-fill\"><div class=\"wpb_column vc_column_container vc_col-sm-12\"><div class=\"vc_column-inner\"><div class=\"wpb_wrapper\"><div  class =\"genesisexpo_module_spacing\"><div class=\"spacing_size spacing_size-initial\" style=\"height:51px;\"><\/div><\/div>  \n<div id=\"genesisexpo_dbl_69e3f6b8a5932\" class=\"genesisexpo_module_double_headings acenter\"><div class=\"heading_bgtitle\" style=\"font-size:120px; line-height:0.25; font-weight:800; color:#ffffff; \">FAQ<\/div><div class=\"heading_title\" style=\"font-size:48px; line-height:1.083; font-weight:800; color:#093c8e; \">FAQ<\/div><\/div>  \n<div  class =\"genesisexpo_module_spacing\"><div class=\"spacing_size spacing_size-initial\" style=\"height:30px;\"><\/div><\/div>  \n<div class=\"vc_tta-container\" data-vc-action=\"collapse\"><div class=\"vc_general vc_tta vc_tta-accordion vc_tta-style-classic vc_tta-o-shape-group vc_tta-controls-align-default\"><div class=\"vc_tta-panels-container\"><div class=\"vc_tta-panels\"><div class=\"vc_tta-panel vc_active\" id=\"1539601638580-b8fc8c1c-985c\" data-vc-content=\".vc_tta-panel-body\"><div class=\"vc_tta-panel-heading\"><h4 class=\"vc_tta-panel-title vc_tta-controls-icon-position-right\"><a href=\"#1539601638580-b8fc8c1c-985c\" data-vc-accordion data-vc-container=\".vc_tta-container\"><span class=\"vc_tta-title-text\">Who are the sponsors of the conference?<\/span><i class=\"vc_tta-controls-icon vc_tta-controls-icon-plus\"><\/i><\/a><\/h4><\/div><div class=\"vc_tta-panel-body\">\n\t<div class=\"wpb_text_column wpb_content_element\" >\n\t\t<div class=\"wpb_wrapper\">\n\t\t\t<p>ATAA Humanitarian Relief Association \u00a0<span><a href=\"https:\/\/ataarelief.org\/about-us\/\">ATAA <\/a><\/span><\/p>\n<p>Harmoon Center for Contemporary Studies<a href=\"https:\/\/www.harmoon.org\/%d9%85%d9%86-%d9%86%d8%ad%d9%86\/\">Haramoon center<\/a><\/p>\n<p>\u0645\u0646\u0638\u0645\u0629 \u0631\u062d\u0645\u0629 \u0628\u0644\u0627 \u062d\u062f\u0648\u062f <span><a href=\"https:\/\/mwlimits.org\/about-us\/\">Mercy Without limits<\/a><\/span><\/p>\n<p>\u0627\u0644\u062c\u0645\u0639\u064a\u0629 \u0627\u0644\u0637\u0628\u064a\u0629 \u0627\u0644\u0633\u0648\u0631\u064a\u0629 \u0627\u0644\u0623\u0645\u0631\u064a\u0643\u064a\u0629 \u0633\u0627\u0645\u0632 <a href=\"https:\/\/www.sams-usa.net\/who-we-are\/\">sams<\/a><\/p>\n<p>\u0627\u0644\u062f\u0641\u0627\u0639 \u0627\u0644\u0645\u062f\u0646\u064a \u0627\u0644\u0633\u0648\u0631\u064a (\u0627\u0644\u062e\u0648\u0630 \u0627\u0644\u0628\u064a\u0636\u0627\u0621) <a href=\"https:\/\/www.syriacivildefence.org\/ar\/who-we-are\/\">Syria Civil Defence<\/a><\/p>\n<p>Syrian Forum <a href=\"https:\/\/syrianforum.org\/%D9%85%D9%86-%D9%86%D8%AD%D9%86%D8%9F.html\">Syrian forum<\/a><\/p>\n<p>\u062c\u0645\u0639\u064a\u0629 \u0627\u0644\u0623\u064a\u0627\u062f\u064a \u0627\u0644\u0628\u064a\u0636\u0627\u0621 \u00a0<span><a href=\"https:\/\/www.beyazeller.org\/%d9%85%d9%86-%d9%86%d8%ad%d9%86\/%d8%a7%d9%84%d8%b1%d8%a4%d9%8a%d8%a9\/\">White hands<\/a><\/span><\/p>\n\n\t\t<\/div>\n\t<\/div>\n<\/div><\/div><div class=\"vc_tta-panel\" id=\"1539601638654-eed65c39-3026\" data-vc-content=\".vc_tta-panel-body\"><div class=\"vc_tta-panel-heading\"><h4 class=\"vc_tta-panel-title vc_tta-controls-icon-position-right\"><a href=\"#1539601638654-eed65c39-3026\" data-vc-accordion data-vc-container=\".vc_tta-container\"><span class=\"vc_tta-title-text\">What is the aim of the conference?<\/span><i class=\"vc_tta-controls-icon vc_tta-controls-icon-plus\"><\/i><\/a><\/h4><\/div><div class=\"vc_tta-panel-body\">\n\t<div class=\"wpb_text_column wpb_content_element\" >\n\t\t<div class=\"wpb_wrapper\">\n\t\t\t<p>The conference aims to achieve a number of objectives, including:<\/p>\n<p>\u2022\tShedding light on new patterns of humanitarian intervention in northern Syria.<\/p>\n<p>\u2022\tExploring opportunities for social and economic empowerment in northern Syria and transitioning towards stability by presenting ideas, projects, and initiatives that promote sustainability and empower local communities and organizations.<\/p>\n<p>\u2022\tBuilding a common vision for the upcoming phase and proposing solutions to achieve significant improvements in the Syrian situation socially and economically.<\/p>\n\n\t\t<\/div>\n\t<\/div>\n<\/div><\/div><div class=\"vc_tta-panel\" id=\"1539601749522-a0e42578-9ad8\" data-vc-content=\".vc_tta-panel-body\"><div class=\"vc_tta-panel-heading\"><h4 class=\"vc_tta-panel-title vc_tta-controls-icon-position-right\"><a href=\"#1539601749522-a0e42578-9ad8\" data-vc-accordion data-vc-container=\".vc_tta-container\"><span class=\"vc_tta-title-text\">What are the activities included in the conference?<\/span><i class=\"vc_tta-controls-icon vc_tta-controls-icon-plus\"><\/i><\/a><\/h4><\/div><div class=\"vc_tta-panel-body\">\n\t<div class=\"wpb_text_column wpb_content_element\" >\n\t\t<div class=\"wpb_wrapper\">\n\t\t\t<p>The conference, held over two days, includes:<\/p>\n<p>\u2022 Ana a\u00e7\u0131l\u0131\u015f etkinli\u011fi: T\u00fcrkiye ve Arap kamuoyundan ve Birle\u015fmi\u015f Milletler'den kat\u0131l\u0131mc\u0131lar\u0131n konu\u015fmalar\u0131<\/p>\n<p>\u2022 Ekonomik G\u00fc\u00e7lendirme \u00d6nc\u00fcleri Fuar\u0131.<\/p>\n<p>\u2022\tSpecialized seminars and workshops on economic and social empowerment.<\/p>\n<p>\u2022\tThe closing event, including recommendations and the announcement of projects in economic and social empowerment.<\/p>\n\n\t\t<\/div>\n\t<\/div>\n<\/div><\/div><div class=\"vc_tta-panel\" id=\"1539601791541-110a3389-2d29\" data-vc-content=\".vc_tta-panel-body\"><div class=\"vc_tta-panel-heading\"><h4 class=\"vc_tta-panel-title vc_tta-controls-icon-position-right\"><a href=\"#1539601791541-110a3389-2d29\" data-vc-accordion data-vc-container=\".vc_tta-container\"><span class=\"vc_tta-title-text\">Who are the participating entities in the conference?<\/span><i class=\"vc_tta-controls-icon vc_tta-controls-icon-plus\"><\/i><\/a><\/h4><\/div><div class=\"vc_tta-panel-body\">\n\t<div class=\"wpb_text_column wpb_content_element\" >\n\t\t<div class=\"wpb_wrapper\">\n\t\t\t<p>\u2022\tInternational organizations.<\/p>\n<p>\u2022\tThe Turkish government.<\/p>\n<p>\u2022\tArab, Turkish, and Islamic organizations.<\/p>\n<p>\u2022\tSyrian civil society organizations.<\/p>\n<p>\u2022\tInstitutions and entities interested in economic and social empowerment.<\/p>\n<p>\u2022\tPublic figures and media agencies.<\/p>\n<p>\u2022\tBusinessmen and investors.<\/p>\n\n\t\t<\/div>\n\t<\/div>\n<\/div><\/div><div class=\"vc_tta-panel\" id=\"1714480493306-60709c59-70fc\" data-vc-content=\".vc_tta-panel-body\"><div class=\"vc_tta-panel-heading\"><h4 class=\"vc_tta-panel-title vc_tta-controls-icon-position-right\"><a href=\"#1714480493306-60709c59-70fc\" data-vc-accordion data-vc-container=\".vc_tta-container\"><span class=\"vc_tta-title-text\">Who are the prominent guests of the conference?<\/span><i class=\"vc_tta-controls-icon vc_tta-controls-icon-plus\"><\/i><\/a><\/h4><\/div><div class=\"vc_tta-panel-body\">\n\t<div class=\"wpb_text_column wpb_content_element\" >\n\t\t<div class=\"wpb_wrapper\">\n\t\t\t<p>Representatives from Syrian institutions, international organizations, investment companies, researchers, former ministers, government officials, and representatives of local and governance events.<\/p>\n\n\t\t<\/div>\n\t<\/div>\n<\/div><\/div><div class=\"vc_tta-panel\" id=\"1714479952423-e2a5b4c0-86a8\" data-vc-content=\".vc_tta-panel-body\"><div class=\"vc_tta-panel-heading\"><h4 class=\"vc_tta-panel-title vc_tta-controls-icon-position-right\"><a href=\"#1714479952423-e2a5b4c0-86a8\" data-vc-accordion data-vc-container=\".vc_tta-container\"><span class=\"vc_tta-title-text\">Will the conference be periodic?<\/span><i class=\"vc_tta-controls-icon vc_tta-controls-icon-plus\"><\/i><\/a><\/h4><\/div><div class=\"vc_tta-panel-body\">\n\t<div class=\"wpb_text_column wpb_content_element\" >\n\t\t<div class=\"wpb_wrapper\">\n\t\t\t<div id=\"1714479924865-3e58fe5d-365f\" class=\"vc_tta-panel vc_active\" data-vc-content=\".vc_tta-panel-body\">\n<div class=\"vc_tta-panel-body\">\n<div class=\"wpb_text_column wpb_content_element\">\n<div class=\"wpb_wrapper\">\n<div id=\"1714479900790-c7ba85c4-7eee\" class=\"vc_tta-panel vc_active\" data-vc-content=\".vc_tta-panel-body\">\n<div class=\"vc_tta-panel-body\">\n<div class=\"wpb_text_column wpb_content_element\">\n<div class=\"wpb_wrapper\">\n<p dir=\"RTL\"><span lang=\"AR-SA\">\u0646\u0639\u0645 \u0633\u064a\u0643\u0648\u0646 \u0627\u0644\u0645\u0624\u062a\u0645\u0631 \u062f\u0648\u0631\u064a\u0627\u064b \u0648\u0647\u0648 \u0645\u0641\u062a\u0648\u062d \u0644\u0643\u0644 \u0627\u0644\u0645\u0624\u0633\u0633\u0627\u062a \u0627\u0644\u062a\u064a \u062a\u0631\u063a\u0628 \u0628\u0627\u0644\u0645\u0634\u0627\u0631\u0643\u0629 \u0628\u0646\u0633\u062e\u062a\u0647 \u0627\u0644\u062b\u0627\u0646\u064a\u0629<\/span><span dir=\"LTR\"><\/span><span dir=\"LTR\"><\/span><span lang=\"AR-SA\" dir=\"LTR\"><span dir=\"LTR\"><\/span><span dir=\"LTR\"><\/span><span>\u00a0<\/span><\/span><span lang=\"AR-SA\">Yes, the conference will be periodic and open to all institutions wishing to participate in its second edition according to the plan.<\/span><\/p>\n<\/div>\n<\/div>\n<\/div>\n<\/div>\n<\/div>\n<\/div>\n<\/div>\n<\/div>\n<div id=\"1714479952423-e2a5b4c0-86a8\" class=\"vc_tta-panel\" data-vc-content=\".vc_tta-panel-body\">\n<div class=\"vc_tta-panel-heading\">\n<h4 class=\"vc_tta-panel-title vc_tta-controls-icon-position-right\"><\/h4>\n<\/div>\n<\/div>\n\n\t\t<\/div>\n\t<\/div>\n<\/div><\/div><div class=\"vc_tta-panel\" id=\"1714480436049-97b9f9dd-fb8b\" data-vc-content=\".vc_tta-panel-body\"><div class=\"vc_tta-panel-heading\"><h4 class=\"vc_tta-panel-title vc_tta-controls-icon-position-right\"><a href=\"#1714480436049-97b9f9dd-fb8b\" data-vc-accordion data-vc-container=\".vc_tta-container\"><span class=\"vc_tta-title-text\">What is the next step after the conference?<\/span><i class=\"vc_tta-controls-icon vc_tta-controls-icon-plus\"><\/i><\/a><\/h4><\/div><div class=\"vc_tta-panel-body\">\n\t<div class=\"wpb_text_column wpb_content_element\" >\n\t\t<div class=\"wpb_wrapper\">\n\t\t\t<div id=\"1714479924865-3e58fe5d-365f\" class=\"vc_tta-panel vc_active\" data-vc-content=\".vc_tta-panel-body\">\n<div class=\"vc_tta-panel-body\">\n<div class=\"wpb_text_column wpb_content_element\">\n<div class=\"wpb_wrapper\">\n<p dir=\"RTL\"><span lang=\"AR-SA\">A permanent committee will be formed to prepare for the next conference in its second edition, follow up on the conference's recommendations, prepare to present new topics that may arise from the conference's recommendations, prepare studies for them, alongside monitoring the implementation of projects and commitments announced and presenting success stories to the public and interested parties.<\/span><\/p>\n<\/div>\n<\/div>\n<\/div>\n<\/div>\n<div id=\"1714479952423-e2a5b4c0-86a8\" class=\"vc_tta-panel\" data-vc-content=\".vc_tta-panel-body\">\n<div class=\"vc_tta-panel-heading\">\n<h4 class=\"vc_tta-panel-title vc_tta-controls-icon-position-right\"><\/h4>\n<\/div>\n<\/div>\n\n\t\t<\/div>\n\t<\/div>\n<\/div><\/div><div class=\"vc_tta-panel\" id=\"1714480382998-6584da42-b9d5\" data-vc-content=\".vc_tta-panel-body\"><div class=\"vc_tta-panel-heading\"><h4 class=\"vc_tta-panel-title vc_tta-controls-icon-position-right\"><a href=\"#1714480382998-6584da42-b9d5\" data-vc-accordion data-vc-container=\".vc_tta-container\"><span class=\"vc_tta-title-text\">What can the conference achieve?<\/span><i class=\"vc_tta-controls-icon vc_tta-controls-icon-plus\"><\/i><\/a><\/h4><\/div><div class=\"vc_tta-panel-body\">\n\t<div class=\"wpb_text_column wpb_content_element\" >\n\t\t<div class=\"wpb_wrapper\">\n\t\t\t<p>Building a common vision for the coming phase and proposing solutions to achieve significant improvements in the Syrian situation economically and socially.<\/p>\n\n\t\t<\/div>\n\t<\/div>\n<\/div><\/div><div class=\"vc_tta-panel\" id=\"1714479980268-16ffa1c0-8515\" data-vc-content=\".vc_tta-panel-body\"><div class=\"vc_tta-panel-heading\"><h4 class=\"vc_tta-panel-title vc_tta-controls-icon-position-right\"><a href=\"#1714479980268-16ffa1c0-8515\" data-vc-accordion data-vc-container=\".vc_tta-container\"><span class=\"vc_tta-title-text\">What are the opportunities for social and economic empowerment in northern Syria and the transition towards stability?<\/span><i class=\"vc_tta-controls-icon vc_tta-controls-icon-plus\"><\/i><\/a><\/h4><\/div><div class=\"vc_tta-panel-body\">\n\t<div class=\"wpb_text_column wpb_content_element\" >\n\t\t<div class=\"wpb_wrapper\">\n\t\t\t<p>Social and economic empowerment opportunities are possible in light of the growth potentials enjoyed by the northwest Syria region and promising investment opportunities for a community of over 4 million people, predominantly young adults aged between 18 and 38. This can be achieved by empowering young people and granting them the ability to exercise their right to self-determination by harnessing their capabilities through collective and individual initiatives that lift them from a state of poverty and reliance on humanitarian aid to the freedom of choice and human dignity. This can be achieved through effective partnerships between investment and capabilities in various forms and in agricultural, industrial, and service sectors through cooperative, solidarity, and innovative partnerships that can contribute to reintegrating the region's community and transforming it into an active force possessing sustainability and development factors. <strong>4<\/strong> Social and economic empowerment opportunities are possible in light of the growth potentials enjoyed by the northwest Syria region and promising investment opportunities for a community of over 4 million people, predominantly young adults aged between 18 and 38. This can be achieved by empowering young people and granting them the ability to exercise their right to self-determination by harnessing their capabilities through collective and individual initiatives that lift them from a state of poverty and reliance on humanitarian aid to the freedom of choice and human dignity. This can be achieved through effective partnerships between investment and capabilities in various forms and in agricultural, industrial, and service sectors through cooperative, solidarity, and innovative partnerships that can contribute to reintegrating the region's community and transforming it into an active force possessing sustainability and development factors.<\/p>\n\n\t\t<\/div>\n\t<\/div>\n<\/div><\/div><\/div><\/div><\/div><\/div><div  class =\"genesisexpo_module_spacing\"><div class=\"spacing_size spacing_size-initial\" style=\"height:88px;\"><\/div><\/div>  \n<\/div><\/div><\/div><\/div><div class=\"vc_row-full-width vc_clearfix\"><\/div>\n<\/div>","protected":false},"excerpt":{"rendered":"FAQ\u0627\u0644\u0623\u0633\u0626\u0644\u0629 \u0627\u0644\u0634\u0627\u0626\u0639\u0629 \u0645\u0646 \u0647\u064a \u0627\u0644\u062c\u0647\u0627\u062a \u0627\u0644\u0631\u0627\u0639\u064a\u0629 \u0644\u0644\u0645\u0624\u062a\u0645\u0631 \u061f \u062c\u0645\u0639\u064a\u0629 \u0639\u0637\u0627\u0621 \u0644\u0644\u0625\u063a\u0627\u062b\u0629 \u0627\u0644\u0625\u0646\u0633\u0627\u0646\u064a\u0629 \u00a0ATAA \u0645\u0631\u0643\u0632 \u062d\u0631\u0645\u0648\u0646 \u0644\u0644\u062f\u0631\u0627\u0633\u0627\u062a \u0627\u0644\u0645\u0639\u0627\u0635\u0631\u0629Haramoon center \u0645\u0646\u0638\u0645\u0629 \u0631\u062d\u0645\u0629 \u0628\u0644\u0627 \u062d\u062f\u0648\u062f Mercy Without limits \u0627\u0644\u062c\u0645\u0639\u064a\u0629 \u0627\u0644\u0637\u0628\u064a\u0629 \u0627\u0644\u0633\u0648\u0631\u064a\u0629 \u0627\u0644\u0623\u0645\u0631\u064a\u0643\u064a\u0629 \u0633\u0627\u0645\u0632 sams \u0627\u0644\u062f\u0641\u0627\u0639 \u0627\u0644\u0645\u062f\u0646\u064a \u0627\u0644\u0633\u0648\u0631\u064a (\u0627\u0644\u062e\u0648\u0630 \u0627\u0644\u0628\u064a\u0636\u0627\u0621) Syria Civil Defence \u0627\u0644\u0645\u0646\u062a\u062f\u0649 \u0627\u0644\u0633\u0648\u0631\u064a Syrian forum \u062c\u0645\u0639\u064a\u0629 \u0627\u0644\u0623\u064a\u0627\u062f\u064a \u0627\u0644\u0628\u064a\u0636\u0627\u0621 \u00a0White hands 2\u0640 \u0645\u0627 \u0647\u0648 \u0647\u062f\u0641 \u0627\u0644\u0645\u0624\u062a\u0645\u0631\u061f \u064a\u0633\u0639\u0649 \u0627\u0644\u0645\u0624\u062a\u0645\u0631 [...]","protected":false},"author":1,"featured_media":0,"parent":0,"menu_order":0,"comment_status":"closed","ping_status":"closed","template":"","meta":{"om_disable_all_campaigns":false,"_monsterinsights_skip_tracking":false,"_monsterinsights_sitenote_active":false,"_monsterinsights_sitenote_note":"","_monsterinsights_sitenote_category":0,"_uf_show_specific_survey":0,"_uf_disable_surveys":false,"footnotes":""},"class_list":["post-686","page","type-page","status-publish","hentry"],"aioseo_notices":[],"_links":{"self":[{"href":"https:\/\/sustainnsy.com\/en\/wp-json\/wp\/v2\/pages\/686","targetHints":{"allow":["GET"]}}],"collection":[{"href":"https:\/\/sustainnsy.com\/en\/wp-json\/wp\/v2\/pages"}],"about":[{"href":"https:\/\/sustainnsy.com\/en\/wp-json\/wp\/v2\/types\/page"}],"author":[{"embeddable":true,"href":"https:\/\/sustainnsy.com\/en\/wp-json\/wp\/v2\/users\/1"}],"replies":[{"embeddable":true,"href":"https:\/\/sustainnsy.com\/en\/wp-json\/wp\/v2\/comments?post=686"}],"version-history":[{"count":20,"href":"https:\/\/sustainnsy.com\/en\/wp-json\/wp\/v2\/pages\/686\/revisions"}],"predecessor-version":[{"id":2517,"href":"https:\/\/sustainnsy.com\/en\/wp-json\/wp\/v2\/pages\/686\/revisions\/2517"}],"wp:attachment":[{"href":"https:\/\/sustainnsy.com\/en\/wp-json\/wp\/v2\/media?parent=686"}],"curies":[{"name":"wp","href":"https:\/\/api.w.org\/{rel}","templated":true}]}}